{"id":1275,"date":"2023-11-16T08:49:08","date_gmt":"2023-11-16T01:49:08","guid":{"rendered":"http:\/\/76plastic.com.vn\/vi\/?page_id=1275"},"modified":"2023-12-22T16:40:41","modified_gmt":"2023-12-22T09:40:41","slug":"xuong-vat-lieu-tong-hop","status":"publish","type":"page","link":"https:\/\/76plastic.com.vn\/vi\/xuong-vat-lieu-tong-hop\/","title":{"rendered":"X\u01b0\u1edfng v\u1eadt li\u1ec7u t\u1ed5ng h\u1ee3p"},"content":{"rendered":"<div>\n<p>C\u00f4ng Ty C\u1ed5 Ph\u1ea7n Nh\u1ef1a X\u1ed1p 76: Ti\u00ean Phong Trong Ng\u00e0nh S\u1ea3n Xu\u1ea5t FRP t\u1ea1i Vi\u1ec7t Nam<\/p>\n<p>C\u00f4ng Ty C\u1ed5 Ph\u1ea7n Nh\u1ef1a X\u1ed1p 76, v\u1edbi ch\u1ee9ng nh\u1eadn ISO 9001:2015 v\u00e0 ISO 14001:2015, t\u1ef1 h\u00e0o l\u00e0 nh\u00e0 s\u1ea3n xu\u1ea5t h\u00e0ng \u0111\u1ea7u trong ng\u00e0nh c\u00f4ng nghi\u1ec7p FRP t\u1ea1i Vi\u1ec7t Nam. Ch\u00fang t\u00f4i chuy\u00ean cung c\u1ea5p c\u00e1c s\u1ea3n ph\u1ea9m \u0111a d\u1ea1ng t\u1eeb v\u1eadt li\u1ec7u nh\u1ef1a gia c\u1ed1 s\u1ee3i th\u1ee7y tinh (FRP), bao g\u1ed3m <strong>thanh FRP s\u1ea3n xu\u1ea5t t\u1ea1i Vi\u1ec7t Nam<\/strong>, <strong>que FRP s\u1ea3n xu\u1ea5t t\u1ea1i Vi\u1ec7t Nam<\/strong>, <strong>khung FRP s\u1ea3n xu\u1ea5t t\u1ea1i Vi\u1ec7t Nam<\/strong>, <strong>h\u1ed9p FRP s\u1ea3n xu\u1ea5t t\u1ea1i Vi\u1ec7t Nam<\/strong>, <strong>v\u00e0 khung l\u1ec1u FRP s\u1ea3n xu\u1ea5t t\u1ea1i Vi\u1ec7t Nam<\/strong>.<\/p>\n<p>V\u1edbi nhi\u1ec1u n\u0103m kinh nghi\u1ec7m v\u00e0 s\u1ef1 kh\u00f4ng ng\u1eebng \u0111\u1ed5i m\u1edbi, ch\u00fang t\u00f4i cung c\u1ea5p c\u00e1c gi\u1ea3i ph\u00e1p s\u1ea3n xu\u1ea5t ti\u00ean ti\u1ebfn v\u00e0 ti\u1ebft ki\u1ec7m chi ph\u00ed. C\u00f4ng su\u1ea5t s\u1ea3n xu\u1ea5t h\u00e0ng n\u0103m c\u1ee7a ch\u00fang t\u00f4i \u0111\u1ea1t kho\u1ea3ng 22 tri\u1ec7u m\u00e9t ho\u1eb7c 1320 t\u1ea5n, kh\u1eb3ng \u0111\u1ecbnh v\u1ecb th\u1ebf c\u1ee7a m\u00ecnh trong ng\u00e0nh c\u00f4ng nghi\u1ec7p v\u1eadt li\u1ec7u composite t\u1ea1i Vi\u1ec7t Nam.<\/p>\n<p>Cam k\u1ebft v\u1edbi ch\u1ea5t l\u01b0\u1ee3ng v\u00e0 s\u1ef1 \u0111\u1ed5i m\u1edbi, <a href=\"http:\/\/76plastic.com.vn\/vi\/\"><strong>C\u00f4ng Ty C\u1ed5 Ph\u1ea7n Nh\u1ef1a X\u1ed1p 76<\/strong><\/a> lu\u00f4n n\u1ed7 l\u1ef1c v\u01b0\u1ee3t qua m\u1ecdi k\u1ef3 v\u1ecdng c\u1ee7a kh\u00e1ch h\u00e0ng, t\u1eeb ch\u1ea5t l\u01b0\u1ee3ng s\u1ea3n ph\u1ea9m \u0111\u1ebfn d\u1ecbch v\u1ee5 kh\u00e1ch h\u00e0ng, \u0111\u1ea3m b\u1ea3o r\u1eb1ng m\u1ed7i s\u1ea3n ph\u1ea9m kh\u00f4ng ch\u1ec9 \u0111\u00e1p \u1ee9ng m\u00e0 c\u00f2n v\u01b0\u1ee3t tr\u1ed9i h\u01a1n c\u1ea3 ti\u00eau chu\u1ea9n to\u00e0n c\u1ea7u.<\/p>\n<\/div>\n<p style=\"text-align: center;\"><span style=\"font-size: 120%;\"><strong>D\u00e2y chuy\u1ec1n thi\u1ebft b\u1ecb s\u1ea3n xu\u1ea5t s\u1ea3n ph\u1ea9m FRP<\/strong><\/span><\/p>\n<p><img loading=\"lazy\" decoding=\"async\" class=\"alignnone size-full wp-image-1276\" src=\"http:\/\/76plastic.com.vn\/vi\/wp-content\/uploads\/2023\/11\/IMG_2119-sua-1.jpg\" alt=\"\" width=\"1920\" height=\"1029\" \/><\/p>\n<p style=\"text-align: center;\"><span style=\"font-size: 120%;\">\u0110\u1ed9i ng\u0169 ki\u1ec3m so\u00e1t ch\u1ea5t l\u01b0\u1ee3ng \u0111\u01b0\u1ee3c \u0111\u00e0o t\u1ea1o b\u00e0i b\u1ea3n, \u0111\u1ea3m b\u1ea3o ch\u1ea5t l\u01b0\u1ee3ng s\u1ea3n ph\u1ea9m \u0111\u1ea7u ra lu\u00f4n \u1ed5n \u0111\u1ecbnh<\/span><\/p>\n<p><img loading=\"lazy\" decoding=\"async\" class=\"alignnone size-full wp-image-1277\" src=\"http:\/\/76plastic.com.vn\/vi\/wp-content\/uploads\/2023\/11\/IMG_2008-sua.jpg\" alt=\"\" width=\"1920\" height=\"1113\" \/><\/p>\n<p><img loading=\"lazy\" decoding=\"async\" class=\"alignnone size-full wp-image-1278\" src=\"http:\/\/76plastic.com.vn\/vi\/wp-content\/uploads\/2023\/11\/Gioi-thieu-san-pham.jpg\" alt=\"\" width=\"1920\" height=\"600\" \/><\/p>\n<p><img loading=\"lazy\" decoding=\"async\" class=\"alignnone size-full wp-image-1279\" src=\"http:\/\/76plastic.com.vn\/vi\/wp-content\/uploads\/2023\/11\/Ung-dung-cua-san-pham.jpg\" alt=\"\" width=\"1920\" height=\"600\" \/><\/p>\n<p><img loading=\"lazy\" decoding=\"async\" class=\"alignnone size-full wp-image-1327\" src=\"http:\/\/76plastic.com.vn\/vi\/wp-content\/uploads\/2023\/11\/Uu-diem-cua-VLTH.png\" alt=\"\" width=\"1920\" height=\"1138\" \/><\/p>\n<p style=\"text-align: center;\"><img loading=\"lazy\" decoding=\"async\" class=\"alignnone size-full wp-image-1326\" src=\"http:\/\/76plastic.com.vn\/vi\/wp-content\/uploads\/2023\/11\/Quy-trinh-vlth.png\" alt=\"\" width=\"1920\" height=\"1500\" \/><\/p>\n","protected":false},"excerpt":{"rendered":"<p>C\u00f4ng Ty C\u1ed5 Ph\u1ea7n Nh\u1ef1a X\u1ed1p 76: Ti\u00ean Phong Trong Ng\u00e0nh S\u1ea3n Xu\u1ea5t FRP t\u1ea1i Vi\u1ec7t Nam C\u00f4ng Ty C\u1ed5 Ph\u1ea7n Nh\u1ef1a X\u1ed1p 76, v\u1edbi ch\u1ee9ng nh\u1eadn ISO 9001:2015 v\u00e0 ISO 14001:2015, t\u1ef1 h\u00e0o l\u00e0 nh\u00e0 s\u1ea3n xu\u1ea5t h\u00e0ng \u0111\u1ea7u trong ng\u00e0nh c\u00f4ng nghi\u1ec7p FRP t\u1ea1i Vi\u1ec7t Nam. Ch\u00fang t\u00f4i chuy\u00ean cung c\u1ea5p c\u00e1c s\u1ea3n\u2026<\/p>\n","protected":false},"author":3,"featured_media":0,"parent":0,"menu_order":0,"comment_status":"closed","ping_status":"closed","template":"","meta":{"footnotes":""},"class_list":{"0":"post-1275","1":"page","2":"type-page","3":"status-publish","5":"entry","6":"clearfix","7":"hocwp-post","8":"author-tuananh"},"aioseo_notices":[],"_links":{"self":[{"href":"https:\/\/76plastic.com.vn\/vi\/wp-json\/wp\/v2\/pages\/1275","targetHints":{"allow":["GET"]}}],"collection":[{"href":"https:\/\/76plastic.com.vn\/vi\/wp-json\/wp\/v2\/pages"}],"about":[{"href":"https:\/\/76plastic.com.vn\/vi\/wp-json\/wp\/v2\/types\/page"}],"author":[{"embeddable":true,"href":"https:\/\/76plastic.com.vn\/vi\/wp-json\/wp\/v2\/users\/3"}],"replies":[{"embeddable":true,"href":"https:\/\/76plastic.com.vn\/vi\/wp-json\/wp\/v2\/comments?post=1275"}],"version-history":[{"count":0,"href":"https:\/\/76plastic.com.vn\/vi\/wp-json\/wp\/v2\/pages\/1275\/revisions"}],"wp:attachment":[{"href":"https:\/\/76plastic.com.vn\/vi\/wp-json\/wp\/v2\/media?parent=1275"}],"curies":[{"name":"wp","href":"https:\/\/api.w.org\/{rel}","templated":true}]}}