{"id":1525,"date":"2023-12-06T06:41:43","date_gmt":"2023-12-05T23:41:43","guid":{"rendered":"http:\/\/76plastic.com.vn\/vi\/?page_id=1525"},"modified":"2024-07-13T01:04:05","modified_gmt":"2024-07-12T18:04:05","slug":"san-pham-da-ngoai-2","status":"publish","type":"page","link":"https:\/\/76plastic.com.vn\/vi\/san-pham-da-ngoai-2\/","title":{"rendered":"X\u01b0\u1edfng d\u00e3 ngo\u1ea1i"},"content":{"rendered":"<p>Tr\u1edf th\u00e0nh <strong>\u0111\u1ed1i t\u00e1c<\/strong> <strong>ph\u00e2n ph\u1ed1i \u0111\u1ed9c quy\u1ec1n<\/strong> c\u1ee7a <em>Nh\u1ef1a X\u1ed1p 76<\/em> v\u00e0 t\u0103ng doanh thu 20%! C\u01a1 h\u1ed9i h\u1ee3p t\u00e1c v\u00e0ng v\u1edbi nh\u00e0 s\u1ea3n xu\u1ea5t s\u1ea3n ph\u1ea9m d\u00e3 ngo\u1ea1i, ho\u1ea1t \u0111\u1ed9ng ngo\u00e0i tr\u1eddi, ph\u1ee5 ki\u1ec7n \u0111i du l\u1ecbch h\u00e0ng \u0111\u1ea7u Vi\u1ec7t Nam!<\/p>\n<p><b>C\u00f4ng ty Nh\u1ef1a X\u1ed1p 76<\/b><span style=\"font-weight: 400;\"> &#8211; Nh\u00e0 s\u1ea3n xu\u1ea5t c\u00e1c v\u1eadt d\u1ee5ng cho d\u00e3 ngo\u1ea1i, du l\u1ecbch uy t\u00edn t\u1ea1i Vi\u1ec7t Nam &#8211; mang \u0111\u1ebfn cho b\u1ea1n s\u1ea3n ph\u1ea9m ch\u1ea5t l\u01b0\u1ee3ng cao, gi\u00e1 th\u00e0nh c\u1ea1nh tranh v\u1edbi kh\u1ea3 n\u0103ng <strong>cung c\u1ea5p s\u1ed1 l\u01b0\u1ee3ng l\u1edbn<\/strong>\u00a0\u0111\u00e1p \u1ee9ng m\u1ecdi nhu c\u1ea7u c\u1ee7a \u0111\u1ed1i t\u00e1c v\u00e0 d\u1ecbch v\u1ee5 kh\u00e1ch h\u00e0ng chu \u0111\u00e1o.<\/span><\/p>\n<p><img loading=\"lazy\" decoding=\"async\" class=\"aligncenter wp-image-1791 size-full\" src=\"https:\/\/76plastic.com.vn\/vi\/wp-content\/uploads\/2024\/07\/uon-dap-tv.webp\" alt=\"M\u00e1y t\u1ea1o ph\u00f4i v\u00e0 m\u00e1y \u0111\u1ed9t d\u1eadp\" width=\"1920\" height=\"500\" \/><\/p>\n<p><img loading=\"lazy\" decoding=\"async\" class=\"aligncenter wp-image-1792 size-full\" src=\"https:\/\/76plastic.com.vn\/vi\/wp-content\/uploads\/2024\/07\/uon-han-son-may-tv.webp\" alt=\"D\u00e2y chuy\u1ec1n t\u00e1n \u0111inh, l\u1eafp r\u00e1p th\u00e0nh ph\u1ea9m\" width=\"1920\" height=\"500\" \/><\/p>\n<p style=\"text-align: center;\"><strong><span style=\"font-size: 140%;\">D\u00e2y chuy\u1ec1n t\u00e1n \u0111inh, l\u1eafp r\u00e1p th\u00e0nh ph\u1ea9m<\/span><\/strong><\/p>\n<p><img loading=\"lazy\" decoding=\"async\" class=\"aligncenter wp-image-1793 size-full\" src=\"https:\/\/76plastic.com.vn\/vi\/wp-content\/uploads\/2024\/07\/lap-rap.webp\" alt=\"\" width=\"1920\" height=\"419\" \/><\/p>\n<p><img loading=\"lazy\" decoding=\"async\" class=\"aligncenter wp-image-1794 size-full\" src=\"https:\/\/76plastic.com.vn\/vi\/wp-content\/uploads\/2024\/07\/lap-rap-thanh-pham-1920.webp\" alt=\"\" width=\"1920\" height=\"891\" \/><\/p>\n<p>&nbsp;<\/p>\n<p><img loading=\"lazy\" decoding=\"async\" class=\"aligncenter wp-image-1795 size-full\" src=\"https:\/\/76plastic.com.vn\/vi\/wp-content\/uploads\/2024\/07\/gioi-thieu-san-pham-da-ngoai.webp\" alt=\"\" width=\"1920\" height=\"600\" \/><\/p>\n<p><img loading=\"lazy\" decoding=\"async\" class=\"aligncenter wp-image-1796 size-full\" src=\"https:\/\/76plastic.com.vn\/vi\/wp-content\/uploads\/2024\/07\/kiem-chat-luong-tv.webp\" alt=\"\" width=\"1920\" height=\"500\" \/><\/p>\n<p><img loading=\"lazy\" decoding=\"async\" class=\"aligncenter wp-image-1797 size-full\" src=\"https:\/\/76plastic.com.vn\/vi\/wp-content\/uploads\/2024\/07\/quy-trinh-da-ngoai-tv.webp\" alt=\"\" width=\"1921\" height=\"1811\" \/><\/p>\n<p>&nbsp;<\/p>\n<p><b>V\u1edbi b\u1ec1 d\u00e0y kinh nghi\u1ec7m v\u00e0 chuy\u00ean m\u00f4n cao<\/b><span style=\"font-weight: 400;\">, ch\u00fang t\u00f4i t\u1ef1 tin \u0111\u00e1p \u1ee9ng m\u1ecdi nhu c\u1ea7u c\u1ee7a b\u1ea1n cho c\u00e1c ho\u1ea1t \u0111\u1ed9ng ngo\u00e0i tr\u1eddi:<\/span><\/p>\n<ul>\n<li style=\"font-weight: 400;\" aria-level=\"1\"><b>D\u00e3 ngo\u1ea1i, c\u1eafm tr\u1ea1i, c\u00e2u c\u00e1<\/b><\/li>\n<li style=\"font-weight: 400;\" aria-level=\"1\"><b>L\u1ec5 h\u1ed9i \u00e2m nh\u1ea1c, th\u1ec3 thao<\/b><\/li>\n<li style=\"font-weight: 400;\" aria-level=\"1\"><b>Du l\u1ecbch<\/b><\/li>\n<li style=\"font-weight: 400;\" aria-level=\"1\"><b>Ngh\u1ec9 ng\u01a1i th\u01b0 gi\u00e3n t\u1ea1i nh\u00e0<\/b><\/li>\n<\/ul>\n<h3>S\u1ea3n ph\u1ea9m th\u1ebf m\u1ea1nh:<\/h3>\n<p>Gh\u1ebf g\u1ea5p si\u00eau nh\u1eb9<\/p>\n<p><a href=\"https:\/\/76plastic.com.vn\/vi\/san-pham\/ghe-02\/\">Gh\u1ebf G\u1ea5p G\u1ecdn D\u00e3 Ngo\u1ea1i<\/a><\/p>\n<p>&nbsp;<\/p>\n<p><b>S\u1ea3n ph\u1ea9m d\u00e3 ngo\u1ea1i Nh\u1ef1a X\u1ed1p 76<\/b><span style=\"font-weight: 400;\"> chinh ph\u1ee5c b\u1ea1n b\u1edfi:<\/span><\/p>\n<p><b>Ch\u1ea5t li\u1ec7u cao c\u1ea5p:<\/b><\/p>\n<ul>\n<li style=\"font-weight: 400;\" aria-level=\"1\"><span style=\"font-weight: 400;\">Khung th\u00e9p s\u01a1n t\u0129nh \u0111i\u1ec7n <\/span><b>ch\u1eafc ch\u1eafn, b\u1ec1n b\u1ec9<\/b><span style=\"font-weight: 400;\">, ch\u1ecbu t\u1ea3i tr\u1ecdng cao.<\/span><\/li>\n<li style=\"font-weight: 400;\" aria-level=\"1\"><span style=\"font-weight: 400;\">V\u1ea3i Polyester 600D <\/span><b>b\u1ec1n b\u1ec9, tho\u00e1ng kh\u00ed<\/b><span style=\"font-weight: 400;\">, d\u1ec5 d\u00e0ng th\u00e1o r\u1eddi v\u00e0 v\u1ec7 sinh.<\/span><\/li>\n<\/ul>\n<p><b>Thi\u1ebft k\u1ebf ti\u1ec7n l\u1ee3i:<\/b><\/p>\n<ul>\n<li style=\"font-weight: 400;\" aria-level=\"1\"><b>G\u1ea5p g\u1ecdn th\u00f4ng minh<\/b><span style=\"font-weight: 400;\">, ti\u1ebft ki\u1ec7m kh\u00f4ng gian l\u01b0u tr\u1eef.<\/span><\/li>\n<li style=\"font-weight: 400;\" aria-level=\"1\"><b>Tr\u1ecdng l\u01b0\u1ee3ng nh\u1eb9<\/b><span style=\"font-weight: 400;\">, d\u1ec5 d\u00e0ng mang theo m\u1ecdi l\u00fac m\u1ecdi n\u01a1i.<\/span><\/li>\n<li style=\"font-weight: 400;\" aria-level=\"1\"><span style=\"font-weight: 400;\">K\u00edch th\u01b0\u1edbc <\/span><b>ph\u00f9 h\u1ee3p cho m\u1ecdi \u0111\u1ed1i t\u01b0\u1ee3ng<\/b><span style=\"font-weight: 400;\">.<\/span><\/li>\n<\/ul>\n<p><b>C\u00f4ng ngh\u1ec7 hi\u1ec7n \u0111\u1ea1i:<\/b><\/p>\n<ul>\n<li style=\"font-weight: 400;\" aria-level=\"1\"><span style=\"font-weight: 400;\">Quy tr\u00ecnh s\u1ea3n xu\u1ea5t t\u1ef1 \u0111\u1ed9ng b\u1eb1ng <\/span><b>c\u00f4ng ngh\u1ec7 u\u1ed1n t\u1ea1o ph\u00f4i v\u00e0 h\u00e0n t\u1ef1 \u0111\u1ed9ng<\/b><span style=\"font-weight: 400;\">, \u0111\u1ea3m b\u1ea3o ch\u1ea5t l\u01b0\u1ee3ng v\u00e0 \u0111\u1ed9 ch\u00ednh x\u00e1c cao.<\/span><\/li>\n<li style=\"font-weight: 400;\" aria-level=\"1\"><span style=\"font-weight: 400;\">T\u0103ng n\u0103ng su\u1ea5t, <\/span><b>gi\u1ea3m gi\u00e1 th\u00e0nh<\/b><span style=\"font-weight: 400;\">, mang \u0111\u1ebfn s\u1ea3n ph\u1ea9m gi\u00e1 t\u1ed1t cho kh\u00e1ch h\u00e0ng.<\/span><\/li>\n<\/ul>\n<p><b>Ch\u00ednh s\u00e1ch \u01b0u \u0111\u00e3i:<\/b><\/p>\n<ul>\n<li style=\"font-weight: 400;\" aria-level=\"1\"><b>B\u1ea3o h\u00e0nh 12 th\u00e1ng<\/b><span style=\"font-weight: 400;\">, an t\u00e2m s\u1eed d\u1ee5ng.<\/span><\/li>\n<li style=\"font-weight: 400;\" aria-level=\"1\"><b>\u0110\u00f3ng g\u00f3i c\u1ea9n th\u1eadn<\/b><span style=\"font-weight: 400;\">, \u0111\u1ea3m b\u1ea3o an to\u00e0n v\u1eadn chuy\u1ec3n.<\/span><\/li>\n<li style=\"font-weight: 400;\" aria-level=\"1\"><b>M\u1ee9c chi\u1ebft kh\u1ea5u h\u1ea5p d\u1eabn<\/b><span style=\"font-weight: 400;\">, h\u1ed7 tr\u1ee3 kh\u00e1ch h\u00e0ng mua bu\u00f4n.<\/span><\/li>\n<li style=\"font-weight: 400;\" aria-level=\"1\"><b>\u0110i\u1ec1u ki\u1ec7n thanh to\u00e1n linh ho\u1ea1t<\/b><span style=\"font-weight: 400;\">, th\u1ee7 t\u1ee5c \u0111\u01a1n gi\u1ea3n.<\/span><\/li>\n<li style=\"font-weight: 400;\" aria-level=\"1\"><b>Ch\u00ednh s\u00e1ch h\u1ed7 tr\u1ee3 kh\u00e1ch h\u00e0ng chu \u0111\u00e1o<\/b><span style=\"font-weight: 400;\">, t\u1eadn t\u00ecnh gi\u1ea3i \u0111\u00e1p m\u1ecdi th\u1eafc m\u1eafc.<\/span><\/li>\n<\/ul>\n<p><b>S\u1ea3n ph\u1ea9m ph\u1ee5 ki\u1ec7n d\u00e3 ngo\u1ea1i Nh\u1ef1a X\u1ed1p 76 &#8211;<\/b><span style=\"font-weight: 400;\"> M\u00f3n qu\u00e0 ho\u00e0n h\u1ea3o cho m\u1ecdi h\u00e0nh tr\u00ecnh!<\/span><\/p>\n<p><b>Li\u00ean h\u1ec7 ngay \u0111\u1ec3 \u0111\u1eb7t mua:<\/b><\/p>\n<ul>\n<li style=\"font-weight: 400;\" aria-level=\"1\"><span style=\"font-weight: 400;\">Website:<\/span> <a href=\"https:\/\/76plastic.com.vn\/\">https:\/\/76plastic.com.vn<\/a>\/<\/li>\n<li style=\"font-weight: 400;\" aria-level=\"1\"><span style=\"font-weight: 400;\">Hotline: <strong><a href=\"tel:+842436789321\">+84 243 6789 321<\/a><\/strong><\/span><\/li>\n<li style=\"font-weight: 400;\" aria-level=\"1\"><span style=\"font-weight: 400;\">Email: <strong>info@76plastic.com.vn<\/strong><\/span><\/li>\n<\/ul>\n","protected":false},"excerpt":{"rendered":"<p>Tr\u1edf th\u00e0nh \u0111\u1ed1i t\u00e1c ph\u00e2n ph\u1ed1i \u0111\u1ed9c quy\u1ec1n c\u1ee7a Nh\u1ef1a X\u1ed1p 76 v\u00e0 t\u0103ng doanh thu 20%! C\u01a1 h\u1ed9i h\u1ee3p t\u00e1c v\u00e0ng v\u1edbi nh\u00e0 s\u1ea3n xu\u1ea5t s\u1ea3n ph\u1ea9m d\u00e3 ngo\u1ea1i, ho\u1ea1t \u0111\u1ed9ng ngo\u00e0i tr\u1eddi, ph\u1ee5 ki\u1ec7n \u0111i du l\u1ecbch h\u00e0ng \u0111\u1ea7u Vi\u1ec7t Nam! C\u00f4ng ty Nh\u1ef1a X\u1ed1p 76 &#8211; Nh\u00e0 s\u1ea3n xu\u1ea5t c\u00e1c v\u1eadt d\u1ee5ng\u2026<\/p>\n","protected":false},"author":3,"featured_media":1797,"parent":0,"menu_order":0,"comment_status":"closed","ping_status":"closed","template":"","meta":{"footnotes":""},"class_list":{"0":"post-1525","1":"page","2":"type-page","3":"status-publish","4":"has-post-thumbnail","6":"entry","7":"clearfix","8":"hocwp-post","9":"author-tuananh"},"aioseo_notices":[],"_links":{"self":[{"href":"https:\/\/76plastic.com.vn\/vi\/wp-json\/wp\/v2\/pages\/1525","targetHints":{"allow":["GET"]}}],"collection":[{"href":"https:\/\/76plastic.com.vn\/vi\/wp-json\/wp\/v2\/pages"}],"about":[{"href":"https:\/\/76plastic.com.vn\/vi\/wp-json\/wp\/v2\/types\/page"}],"author":[{"embeddable":true,"href":"https:\/\/76plastic.com.vn\/vi\/wp-json\/wp\/v2\/users\/3"}],"replies":[{"embeddable":true,"href":"https:\/\/76plastic.com.vn\/vi\/wp-json\/wp\/v2\/comments?post=1525"}],"version-history":[{"count":2,"href":"https:\/\/76plastic.com.vn\/vi\/wp-json\/wp\/v2\/pages\/1525\/revisions"}],"predecessor-version":[{"id":1803,"href":"https:\/\/76plastic.com.vn\/vi\/wp-json\/wp\/v2\/pages\/1525\/revisions\/1803"}],"wp:featuredmedia":[{"embeddable":true,"href":"https:\/\/76plastic.com.vn\/vi\/wp-json\/wp\/v2\/media\/1797"}],"wp:attachment":[{"href":"https:\/\/76plastic.com.vn\/vi\/wp-json\/wp\/v2\/media?parent=1525"}],"curies":[{"name":"wp","href":"https:\/\/api.w.org\/{rel}","templated":true}]}}