{"id":169,"date":"2023-10-09T06:36:18","date_gmt":"2023-10-08T23:36:18","guid":{"rendered":"http:\/\/demo4.vinasite.top\/?page_id=169"},"modified":"2023-11-14T08:53:38","modified_gmt":"2023-11-14T01:53:38","slug":"gioi-thieu-san-xuat","status":"publish","type":"page","link":"https:\/\/76plastic.com.vn\/vi\/gioi-thieu-san-xuat\/","title":{"rendered":"X\u01b0\u1edfng s\u1ea3n xu\u1ea5t x\u1ed1p"},"content":{"rendered":"<p>C\u00f4ng ty C\u1ed5 ph\u1ea7n Nh\u1ef1a x\u1ed1p 76 v\u1edbi h\u01a1n 20 n\u0103m kinh nghi\u1ec7m trong s\u1ea3n xu\u1ea5t c\u00e1c s\u1ea3n ph\u1ea9m x\u1ed1p ph\u1ee5c v\u1ee5 cho c\u00e1c ng\u00e0nh c\u00f4ng nghi\u1ec7p.<\/p>\n<p>Ch\u00fang t\u00f4i t\u1ef1 h\u00e0o l\u00e0 \u0111\u01a1n v\u1ecb cung c\u1ea5p h\u00e0ng \u0111\u1ea7u, \u0111\u00e1ng tin c\u1eady cho m\u1ecdi \u0111\u1ed1i t\u00e1c v\u00e0 kh\u00e1ch h\u00e0ng, v\u1edbi c\u01a1 s\u1edf h\u1ea1 t\u1ea7ng s\u1ea3n xu\u1ea5t hi\u1ec7n \u0111\u1ea1i:<br \/>\n&#8211; D\u00e2y chuy\u1ec1n thi\u1ebft b\u1ecb s\u1ea3n xu\u1ea5t x\u1ed1p \u0111\u1ecbnh h\u00ecnh EPS v\u1edbi s\u1ea3n l\u01b0\u1ee3ng 1100 t\u1ea5n\/n\u0103m \u0111\u01b0\u1ee3c nh\u1eadp kh\u1ea9u t\u1eeb h\u00e3ng Kurts \u2013 C\u1ed9ng h\u00f2a li\u00ean bang \u0110\u1ee9c v\u00e0 h\u1ec7 m\u00e1y SPZ 140 \u2013 Hangzhou Fangyuan ti\u1ebfn ti\u1ebfn nh\u1ea5t hi\u1ec7n nay.<\/p>\n<p><img loading=\"lazy\" decoding=\"async\" class=\"alignnone size-full wp-image-1204\" src=\"http:\/\/76plastic.com.vn\/vi\/wp-content\/uploads\/2023\/11\/Banner-xuong-xop.jpg\" alt=\"\" width=\"1350\" height=\"500\" \/><\/p>\n<p style=\"text-align: justify;\">&#8211; H\u1ec7 th\u1ed1ng m\u00e1y n\u1edf ti\u00ean ti\u1ebfn nh\u1eadp kh\u1ea9u nguy\u00ean b\u1ed9 \u1edf \u0110\u1ee9c, \u0111\u1ea3m b\u1ea3o ch\u1ea5t l\u01b0\u1ee3ng s\u1ea3n ph\u1ea9m lu\u00f4n \u1ed5n \u0111\u1ecbnh.<\/p>\n<p><img loading=\"lazy\" decoding=\"async\" class=\"alignnone size-full wp-image-1205\" src=\"http:\/\/76plastic.com.vn\/vi\/wp-content\/uploads\/2023\/11\/May-no.jpg\" alt=\"\" width=\"1920\" height=\"989\" \/><\/p>\n<p>Ch\u00fang t\u00f4i cam k\u1ebft cung c\u1ea5p ra th\u1ecb tr\u01b0\u1eddng c\u00e1c s\u1ea3n ph\u1ea9m x\u1ed1p EPS v\u1edbi ch\u1ea5t l\u01b0\u1ee3ng cao nh\u1ea5t, s\u1ed1 l\u01b0\u1ee3ng l\u1edbn v\u00e0 \u1ed5n \u0111\u1ecbnh c\u00f9ng quy tr\u00ecnh ki\u1ec3m tra nghi\u00eam ng\u1eb7t \u0111\u1ec3 lu\u00f4n \u0111\u1ea3m b\u1ea3o giao h\u00e0ng \u0111\u00fang k\u1ebf ho\u1ea1ch v\u00e0 \u0111\u1ea3m b\u1ea3o ch\u1ea5t l\u01b0\u1ee3ng s\u1ea3n ph\u1ea9m.<\/p>\n<p>Quy tr\u00ecnh s\u1ea3n xu\u1ea5t x\u1ed1p<\/p>\n<p><img loading=\"lazy\" decoding=\"async\" class=\"alignnone size-full wp-image-1207\" src=\"http:\/\/76plastic.com.vn\/vi\/wp-content\/uploads\/2023\/11\/Quy-trinh1920.jpg\" alt=\"\" width=\"1920\" height=\"1077\" \/><\/p>\n<p><img loading=\"lazy\" decoding=\"async\" class=\"size-full wp-image-1208 aligncenter\" src=\"http:\/\/76plastic.com.vn\/vi\/wp-content\/uploads\/2023\/11\/bang-thong-so-ky-thuat.jpg\" alt=\"\" width=\"680\" height=\"409\" \/><\/p>\n<p><strong>\u01afu \u0111i\u1ec3m n\u1ed5i tr\u1ed9i c\u1ee7a x\u1ed1p EPS<\/strong><\/p>\n<ul>\n<li>Tr\u1ecdng l\u01b0\u1ee3ng nh\u1eb9, d\u1ec5 mang v\u00e1c, di chuy\u1ec3n<\/li>\n<li>B\u1ea3o \u00f4n, c\u00e1ch \u00e2m, c\u00e1ch nhi\u1ec7t t\u1ed1t<\/li>\n<li>Ch\u1ed1ng th\u1ea5m n\u01b0\u1edbc<\/li>\n<li>Ch\u1ed1ng x\u1ed1c, ch\u1ed1ng va \u0111\u1eadp<\/li>\n<\/ul>\n<p>\u1ee8ng d\u1ee5ng c\u1ee7a s\u1ea3n ph\u1ea9m x\u1ed1p EPS<\/p>\n<p style=\"text-align: center;\">X\u1ed1p m\u0169 b\u1ea3o hi\u1ec3m<\/p>\n<p style=\"text-align: center;\"><img loading=\"lazy\" decoding=\"async\" class=\"alignnone size-full wp-image-1266\" src=\"http:\/\/76plastic.com.vn\/vi\/wp-content\/uploads\/2023\/11\/IMG_2193.jpg\" alt=\"\" width=\"1920\" height=\"1251\" \/><\/p>\n<p style=\"text-align: center;\">H\u1ed9p x\u1ed1p gi\u1eef nhi\u1ec7t<\/p>\n<p style=\"text-align: center;\"><img loading=\"lazy\" decoding=\"async\" class=\"alignnone size-full wp-image-1239\" src=\"http:\/\/76plastic.com.vn\/vi\/wp-content\/uploads\/2023\/11\/thung-xop-dung-ca-1920.jpg\" alt=\"\" width=\"1920\" height=\"1276\" \/><\/p>\n<p style=\"text-align: center;\">T\u1ea1o h\u00ecnh trang tr\u00ed, l\u00e0m m\u00f4 h\u00ecnh<\/p>\n<p style=\"text-align: center;\"><img loading=\"lazy\" decoding=\"async\" class=\"alignnone size-full wp-image-1240\" src=\"http:\/\/76plastic.com.vn\/vi\/wp-content\/uploads\/2023\/11\/Xop-mo-hinh-1920.jpg\" alt=\"\" width=\"1920\" height=\"1440\" \/><\/p>\n<p style=\"text-align: center;\">C\u00e1ch \u00e2m, c\u00e1ch nhi\u1ec7t, ch\u1ed1ng s\u1ed1c<\/p>\n<p style=\"text-align: center;\"><img loading=\"lazy\" decoding=\"async\" class=\"alignnone size-full wp-image-1268\" src=\"http:\/\/76plastic.com.vn\/vi\/wp-content\/uploads\/2023\/11\/Xop-chen-am-chen-1920-1.jpg\" alt=\"\" width=\"1920\" height=\"1661\" \/><\/p>\n<p>&nbsp;<\/p>\n","protected":false},"excerpt":{"rendered":"<p>C\u00f4ng ty C\u1ed5 ph\u1ea7n Nh\u1ef1a x\u1ed1p 76 v\u1edbi h\u01a1n 20 n\u0103m kinh nghi\u1ec7m trong s\u1ea3n xu\u1ea5t c\u00e1c s\u1ea3n ph\u1ea9m x\u1ed1p ph\u1ee5c v\u1ee5 cho c\u00e1c ng\u00e0nh c\u00f4ng nghi\u1ec7p. Ch\u00fang t\u00f4i t\u1ef1 h\u00e0o l\u00e0 \u0111\u01a1n v\u1ecb cung c\u1ea5p h\u00e0ng \u0111\u1ea7u, \u0111\u00e1ng tin c\u1eady cho m\u1ecdi \u0111\u1ed1i t\u00e1c v\u00e0 kh\u00e1ch h\u00e0ng, v\u1edbi c\u01a1 s\u1edf h\u1ea1 t\u1ea7ng s\u1ea3n xu\u1ea5t\u2026<\/p>\n","protected":false},"author":4,"featured_media":0,"parent":0,"menu_order":0,"comment_status":"closed","ping_status":"closed","template":"","meta":{"footnotes":""},"class_list":{"0":"post-169","1":"page","2":"type-page","3":"status-publish","5":"entry","6":"clearfix","7":"hocwp-post","8":"author-admin"},"aioseo_notices":[],"_links":{"self":[{"href":"https:\/\/76plastic.com.vn\/vi\/wp-json\/wp\/v2\/pages\/169","targetHints":{"allow":["GET"]}}],"collection":[{"href":"https:\/\/76plastic.com.vn\/vi\/wp-json\/wp\/v2\/pages"}],"about":[{"href":"https:\/\/76plastic.com.vn\/vi\/wp-json\/wp\/v2\/types\/page"}],"author":[{"embeddable":true,"href":"https:\/\/76plastic.com.vn\/vi\/wp-json\/wp\/v2\/users\/4"}],"replies":[{"embeddable":true,"href":"https:\/\/76plastic.com.vn\/vi\/wp-json\/wp\/v2\/comments?post=169"}],"version-history":[{"count":0,"href":"https:\/\/76plastic.com.vn\/vi\/wp-json\/wp\/v2\/pages\/169\/revisions"}],"wp:attachment":[{"href":"https:\/\/76plastic.com.vn\/vi\/wp-json\/wp\/v2\/media?parent=169"}],"curies":[{"name":"wp","href":"https:\/\/api.w.org\/{rel}","templated":true}]}}