{"id":1151,"date":"2023-11-02T06:05:23","date_gmt":"2023-11-01T23:05:23","guid":{"rendered":"http:\/\/76plastic.com.vn\/vi\/?post_type=product&#038;p=1151"},"modified":"2024-07-15T02:56:29","modified_gmt":"2024-07-14T19:56:29","slug":"xop-cach-nhiet-tu-lanh","status":"publish","type":"product","link":"https:\/\/76plastic.com.vn\/vi\/san-pham\/xop-cach-nhiet-tu-lanh\/","title":{"rendered":"X\u1ed1p c\u00e1ch nhi\u1ec7t t\u1ee7 l\u1ea1nh"},"content":{"rendered":"<h2>X\u1ed1p T\u1ee7 L\u1ea1nh Nh\u1ef1a X\u1ed1p 76: Gi\u1ea3i Ph\u00e1p C\u00e1ch Nhi\u1ec7t Ho\u00e0n H\u1ea3o<\/h2>\n<p data-sourcepos=\"5:1-5:76\">Nh\u1ef1a X\u1ed1p 76 &#8211; Chuy\u00ean gia x\u1ed1p t\u1ee7 l\u1ea1nh, t\u1ed1i \u01b0u hi\u1ec7u qu\u1ea3, ti\u1ebft ki\u1ec7m n\u0103ng l\u01b0\u1ee3ng!<\/p>\n<p data-sourcepos=\"7:1-7:13\"><strong>C\u00e1c s\u1ea3n ph\u1ea9m x\u1ed1p c\u00e1ch nhi\u1ec7t th\u1ebf m\u1ea1nh c\u1ee7a Nh\u1ef1a X\u1ed1p 76:<\/strong><\/p>\n<ul data-sourcepos=\"9:1-10:38\">\n<li data-sourcepos=\"9:1-9:56\"><strong>X\u1ed1p th\u00f4ng gi\u00f3<\/strong>: Duy tr\u00ec lu\u1ed3ng kh\u00ed l\u1ea1nh, ti\u1ebft ki\u1ec7m \u0111i\u1ec7n.<\/li>\n<li data-sourcepos=\"10:1-10:38\"><strong>X\u1ed1p ch\u00e8n c\u00e1nh<\/strong>: \u0110\u1ea3m b\u1ea3o k\u00edn kh\u00ed, ng\u0103n tho\u00e1t nhi\u1ec7t.<\/li>\n<li data-sourcepos=\"11:1-11:70\"><strong>V\u00e1ch ng\u0103n<\/strong>: Linh ho\u1ea1t, t\u1ed1i \u01b0u kh\u00f4ng gian, b\u1ea3o qu\u1ea3n th\u1ef1c ph\u1ea9m t\u1ed1t h\u01a1n.<\/li>\n<li data-sourcepos=\"12:1-12:24\"><strong>C\u00e1ch nhi\u1ec7t<\/strong>: Gi\u1ea3m thi\u1ec3u th\u1ea5t tho\u00e1t nhi\u1ec7t, t\u0103ng hi\u1ec7u qu\u1ea3 s\u1eed d\u1ee5ng.<\/li>\n<li data-sourcepos=\"13:1-14:0\">\u0110a d\u1ea1ng m\u1eabu m\u00e3, t\u01b0\u01a1ng th\u00edch nhi\u1ec1u lo\u1ea1i t\u1ee7 l\u1ea1nh.<\/li>\n<\/ul>\n<p data-sourcepos=\"15:1-15:26\"><strong>Cung c\u1ea5p s\u1ed1 l\u01b0\u1ee3ng l\u1edbn:<\/strong><\/p>\n<ul data-sourcepos=\"17:1-19:0\">\n<li data-sourcepos=\"17:1-17:62\">\u0110\u00e1p \u1ee9ng m\u1ecdi nhu c\u1ea7u c\u1ee7a \u0111\u1ed1i t\u00e1c kinh doanh v\u00e0 nh\u00e0 ph\u00e2n ph\u1ed1i.<\/li>\n<li data-sourcepos=\"18:1-19:0\">Ch\u1ea5t l\u01b0\u1ee3ng cao, gi\u00e1 c\u1ea3 c\u1ea1nh tranh, d\u1ecbch v\u1ee5 t\u1eadn t\u00e2m.<\/li>\n<\/ul>\n<p data-sourcepos=\"20:1-20:24\"><strong>Nh\u00e0 s\u1ea3n xu\u1ea5t uy t\u00edn:<\/strong><\/p>\n<ul data-sourcepos=\"22:1-24:0\">\n<li data-sourcepos=\"22:1-22:40\">Ch\u1ee9ng ch\u1ec9<strong> ISO<\/strong>, <strong>CE<\/strong>, cam k\u1ebft ch\u1ea5t l\u01b0\u1ee3ng.<\/li>\n<li data-sourcepos=\"23:1-24:0\">Kh\u00e1ch h\u00e0ng h\u00e0i l\u00f2ng, \u0111\u1ed1i t\u00e1c tin c\u1eady trong v\u00e0 ngo\u00e0i n\u01b0\u1edbc.<\/li>\n<\/ul>\n<p data-sourcepos=\"25:1-25:17\"><strong>Li\u00ean h\u1ec7 ngay:<\/strong><\/p>\n<ul data-sourcepos=\"27:1-28:9\">\n<li data-sourcepos=\"27:1-27:21\">Hotline: <strong><a href=\"tel:+842436789321\">+84 243 6789 321<\/a><\/strong><\/li>\n<li data-sourcepos=\"28:1-28:9\">Email: <strong>info@76plastic.com.vn<\/strong><\/li>\n<li data-sourcepos=\"29:1-30:0\">Website: <a href=\"https:\/\/76plastic.com.vn\/\">https:\/\/76plastic.com.vn\/<\/a><\/li>\n<\/ul>\n<p data-sourcepos=\"31:1-31:44\"><strong>Tr\u1ea3i nghi\u1ec7m d\u1ecbch v\u1ee5 ch\u1ea5t l\u01b0\u1ee3ng h\u00e0ng \u0111\u1ea7u!<\/strong><\/p>\n<figure id=\"attachment_1816\" aria-describedby=\"caption-attachment-1816\" style=\"width: 577px\" class=\"wp-caption aligncenter\"><img loading=\"lazy\" decoding=\"async\" class=\"size-full wp-image-1816\" src=\"https:\/\/76plastic.com.vn\/vi\/wp-content\/uploads\/2024\/07\/xop_chen_canh_tu_lanh.jpg\" alt=\"X\u1ed1p ch\u00e8n c\u00e1nh t\u1ee7 l\u1ea1nh\" width=\"577\" height=\"433\" \/><figcaption id=\"caption-attachment-1816\" class=\"wp-caption-text\">X\u1ed1p ch\u00e8n c\u00e1nh t\u1ee7 l\u1ea1nh<\/figcaption><\/figure>\n<p>&nbsp;<\/p>\n<p>&nbsp;<\/p>\n<figure id=\"attachment_1815\" aria-describedby=\"caption-attachment-1815\" style=\"width: 433px\" class=\"wp-caption aligncenter\"><img loading=\"lazy\" decoding=\"async\" class=\"wp-image-1815 size-full\" src=\"https:\/\/76plastic.com.vn\/vi\/wp-content\/uploads\/2024\/07\/xop_thong_gio_tu_lanh.jpg\" alt=\"X\u1ed1p th\u00f4ng gi\u00f3 t\u1ee7 l\u1ea1nh\" width=\"433\" height=\"577\" \/><figcaption id=\"caption-attachment-1815\" class=\"wp-caption-text\">X\u1ed1p th\u00f4ng gi\u00f3 t\u1ee7 l\u1ea1nh<\/figcaption><\/figure>\n<p>&nbsp;<\/p>\n<p>&nbsp;<\/p>\n<figure id=\"attachment_1819\" aria-describedby=\"caption-attachment-1819\" style=\"width: 433px\" class=\"wp-caption aligncenter\"><img loading=\"lazy\" decoding=\"async\" class=\"size-full wp-image-1819\" src=\"https:\/\/76plastic.com.vn\/vi\/wp-content\/uploads\/2023\/11\/xop_bao_goi_de_tu_lanh.jpg\" alt=\"X\u1ed1p bao g\u00f3i \u0111\u1ebf \u0111\u1ec9nh t\u1ee7 l\u1ea1nh\" width=\"433\" height=\"577\" \/><figcaption id=\"caption-attachment-1819\" class=\"wp-caption-text\">X\u1ed1p bao g\u00f3i \u0111\u1ebf \u0111\u1ec9nh t\u1ee7 l\u1ea1nh<\/figcaption><\/figure>\n<p>&nbsp;<\/p>\n<p>&nbsp;<\/p>\n<figure id=\"attachment_1820\" aria-describedby=\"caption-attachment-1820\" style=\"width: 577px\" class=\"wp-caption aligncenter\"><img loading=\"lazy\" decoding=\"async\" class=\"size-full wp-image-1820\" src=\"https:\/\/76plastic.com.vn\/vi\/wp-content\/uploads\/2023\/11\/xop-chen-duong-gio-tu-lanh.jpg\" alt=\"X\u1ed1p ch\u00e8n \u0111u\u1eddng gi\u00f3 t\u1ee7 l\u1ea1nh\" width=\"577\" height=\"433\" \/><figcaption id=\"caption-attachment-1820\" class=\"wp-caption-text\">X\u1ed1p ch\u00e8n \u0111u\u1eddng gi\u00f3 t\u1ee7 l\u1ea1nh<\/figcaption><\/figure>\n<p>&nbsp;<\/p>\n<p>&nbsp;<\/p>\n","protected":false},"excerpt":{"rendered":"<p><strong>M\u00f4 t\u1ea3 s\u1ea3n ph\u1ea9m<\/strong><\/p>\n<p><strong>V\u1eadt li\u1ec7u:<\/strong> EPS Foam\u00a0 ((Expandable Polystyrene foam)<\/p>\n<p><strong>T\u1ef7 tr\u1ecdng:<\/strong> t\u1eeb 16 &#8211; 80 g\/l<\/p>\n<p><strong>\u0110\u1eb7c t\u00ednh:<\/strong><\/p>\n<ul>\n<li>B\u1ea3o \u00f4n<\/li>\n<li>C\u00e1ch nhi\u1ec7t<\/li>\n<li>C\u00e1ch \u00e2m<\/li>\n<li>Ch\u1ea5t li\u1ec7u cao c\u1ea5p, c\u00e1ch nhi\u1ec7t t\u1ed1t, gi\u00fap duy tr\u00ec lu\u1ed3ng kh\u00ed l\u1ea1nh \u0111\u1ec1u<\/li>\n<\/ul>\n<p><strong>Bao g\u00f3i:<\/strong> t\u00fai nylon, th\u00f9ng carton<\/p>\n<p><strong>Th\u1eddi gian giao h\u00e0ng:<\/strong> 30 ng\u00e0y<\/p>\n<p><strong>B\u00e1o gi\u00e1:<\/strong><\/p>\n<ul>\n<li>Door to door<\/li>\n<li>EXW<\/li>\n<\/ul>\n<p>&nbsp;<\/p>\n","protected":false},"featured_media":1821,"comment_status":"open","ping_status":"closed","template":"","meta":[],"product_brand":[],"product_cat":[20,239],"product_tag":[],"class_list":{"0":"post-1151","1":"product","2":"type-product","3":"status-publish","4":"has-post-thumbnail","6":"product_cat-xop","7":"product_cat-xop-dinh-hinh","8":"entry","9":"clearfix","10":"hocwp-post","11":"author-tuananh","12":"has-excerpt","14":"first","15":"instock","16":"shipping-taxable","17":"purchasable","18":"product-type-simple"},"aioseo_notices":[],"_links":{"self":[{"href":"https:\/\/76plastic.com.vn\/vi\/wp-json\/wp\/v2\/product\/1151","targetHints":{"allow":["GET"]}}],"collection":[{"href":"https:\/\/76plastic.com.vn\/vi\/wp-json\/wp\/v2\/product"}],"about":[{"href":"https:\/\/76plastic.com.vn\/vi\/wp-json\/wp\/v2\/types\/product"}],"replies":[{"embeddable":true,"href":"https:\/\/76plastic.com.vn\/vi\/wp-json\/wp\/v2\/comments?post=1151"}],"wp:featuredmedia":[{"embeddable":true,"href":"https:\/\/76plastic.com.vn\/vi\/wp-json\/wp\/v2\/media\/1821"}],"wp:attachment":[{"href":"https:\/\/76plastic.com.vn\/vi\/wp-json\/wp\/v2\/media?parent=1151"}],"wp:term":[{"taxonomy":"product_brand","embeddable":true,"href":"https:\/\/76plastic.com.vn\/vi\/wp-json\/wp\/v2\/product_brand?post=1151"},{"taxonomy":"product_cat","embeddable":true,"href":"https:\/\/76plastic.com.vn\/vi\/wp-json\/wp\/v2\/product_cat?post=1151"},{"taxonomy":"product_tag","embeddable":true,"href":"https:\/\/76plastic.com.vn\/vi\/wp-json\/wp\/v2\/product_tag?post=1151"}],"curies":[{"name":"wp","href":"https:\/\/api.w.org\/{rel}","templated":true}]}}