{"id":1941,"date":"2024-12-08T09:32:57","date_gmt":"2024-12-08T02:32:57","guid":{"rendered":"https:\/\/76plastic.com.vn\/vi\/?post_type=product&#038;p=1941"},"modified":"2024-12-08T09:32:58","modified_gmt":"2024-12-08T02:32:58","slug":"ong-soi-carbon","status":"publish","type":"product","link":"https:\/\/76plastic.com.vn\/vi\/san-pham\/ong-soi-carbon\/","title":{"rendered":"\u1ed0ng S\u1ee3i Carbon"},"content":{"rendered":"<h2 data-sourcepos=\"1:1-1:32\"><strong>\u1ed0ng S\u1ee3i Carbon: C\u00e1ch m\u1ea1ng h\u00f3a x\u00e2y d\u1ef1ng v\u1edbi V\u1eadt li\u1ec7u CFRP<\/strong><\/h2>\n<p data-sourcepos=\"3:1-3:146\">Kh\u00e1m ph\u00e1 <strong>\u1ed0ng <a href=\"https:\/\/vi.wikipedia.org\/wiki\/Polyme_gia_c%E1%BB%91_s%E1%BB%A3i_carbon\">S\u1ee3i Carbon<\/a><\/strong> hi\u1ec7u n\u0103ng cao, k\u1ebft h\u1ee3p \u0111\u1ed9 b\u1ec1n nh\u1eb9 v\u00e0 s\u1ee9c m\u1ea1nh v\u01b0\u1ee3t tr\u1ed9i. L\u00fd t\u01b0\u1edfng cho c\u00e1c \u1ee9ng d\u1ee5ng cho <strong>x\u00e2y d\u1ef1ng<\/strong>,<strong><a href=\"https:\/\/76plastic.com.vn\/vi\/danh-muc\/vat-lieu-tong-hop\/bo-que-leu-cam-trai\/\"> l\u1ec1u tr\u1ea1i<\/a><\/strong>, \u00f4 t\u00f4 v\u00e0 c\u00f4ng nghi\u1ec7p.<\/p>\n<p data-sourcepos=\"5:1-5:151\"><strong>\u1ed0ng S\u1ee3i Carbon:<\/strong> \u0110\u01b0\u1ee3c bi\u1ebft \u0111\u1ebfn v\u1edbi s\u1ee9c m\u1ea1nh v\u00e0 t\u00ednh \u0111a d\u1ee5ng v\u01b0\u1ee3t tr\u1ed9i, \u0111\u01b0\u1ee3c s\u1eed d\u1ee5ng r\u1ed9ng r\u00e3i trong c\u00e1c ng\u00e0nh x\u00e2y d\u1ef1ng c\u1ee5 th\u1ec3 l\u00e0 <strong><a href=\"https:\/\/76plastic.com.vn\/vi\/danh-muc\/vat-lieu-tong-hop\/thanh-dam\/\">thanh d\u1ea7m nh\u1ef1a<\/a><\/strong>, <a href=\"https:\/\/76plastic.com.vn\/vi\/danh-muc\/vat-lieu-tong-hop\/gfrp\/thanh-nhua-gfrp-frp\/\"><strong>thanh x\u00e0 g\u1ed3 composite<\/strong><\/a>, \u00f4 t\u00f4 v\u00e0 c\u00f4ng nghi\u1ec7p.<\/p>\n<p data-sourcepos=\"7:1-7:107\"><strong>Tr\u1ecdng l\u01b0\u1ee3ng nh\u1eb9:<\/strong> Ch\u1ec9 n\u1eb7ng 1\/3 th\u00e9p, gi\u1ea3m tr\u1ecdng l\u01b0\u1ee3ng t\u1ed5ng th\u1ec3 m\u00e0 v\u1eabn duy tr\u00ec \u0111\u1ed9 b\u1ec1n c\u1ea5u tr\u00fac tuy\u1ec7t v\u1eddi.<\/p>\n<p data-sourcepos=\"9:1-9:110\"><strong>\u0110\u1ed9 b\u1ec1n cao:<\/strong> Cung c\u1ea5p \u0111\u1ed9 b\u1ec1n g\u1ea5p ch\u00edn l\u1ea7n th\u00e9p, \u0111\u1ea3m b\u1ea3o \u0111\u1ed9 b\u1ec1n v\u00e0 hi\u1ec7u su\u1ea5t trong c\u00e1c \u1ee9ng d\u1ee5ng kh\u1eafc nghi\u1ec7t.<\/p>\n<h3 data-sourcepos=\"11:1-11:30\"><strong>1. \u0110i\u1ec3m n\u1ed5i b\u1eadt c\u1ee7a s\u1ea3n ph\u1ea9m:<\/strong><\/h3>\n<ul data-sourcepos=\"13:1-18:0\">\n<li data-sourcepos=\"13:1-13:75\"><strong>V\u1eadt li\u1ec7u cao c\u1ea5p:<\/strong> \u0110\u01b0\u1ee3c ch\u1ebf t\u1ea1o t\u1eeb s\u1ee3i carbon Nh\u1eadt B\u1ea3n 100% nh\u1eadp kh\u1ea9u.<\/li>\n<li data-sourcepos=\"14:1-14:71\"><strong>T\u1ef7 l\u1ec7 s\u1ee9c m\u1ea1nh tr\u00ean tr\u1ecdng l\u01b0\u1ee3ng v\u01b0\u1ee3t tr\u1ed9i:<\/strong> Nh\u1eb9 nh\u01b0ng c\u1ef1c k\u1ef3 m\u1ea1nh.<\/li>\n<li data-sourcepos=\"15:1-15:64\"><strong>K\u00edch th\u01b0\u1edbc ch\u00ednh x\u00e1c:<\/strong> \u0110\u01b0\u1eddng k\u00ednh trong v\u00e0 ngo\u00e0i \u0111\u1ed3ng nh\u1ea5t.<\/li>\n<li data-sourcepos=\"16:1-16:57\"><strong>B\u1ec1 m\u1eb7t m\u1ecbn:<\/strong> B\u1ec1 m\u1eb7t b\u00f3ng cho v\u1ebb ngo\u00e0i chuy\u00ean nghi\u1ec7p.<\/li>\n<li data-sourcepos=\"17:1-18:0\"><strong>\u1ee8ng d\u1ee5ng \u0111a d\u1ea1ng:<\/strong> L\u00fd t\u01b0\u1edfng cho nhi\u1ec1u ng\u00e0nh c\u00f4ng nghi\u1ec7p, t\u1eeb h\u00e0ng kh\u00f4ng v\u0169 tr\u1ee5 \u0111\u1ebfn c\u00e1c d\u1ef1 \u00e1n DIY.<\/li>\n<\/ul>\n<h3 data-sourcepos=\"19:1-19:31\"><strong>2. Th\u00f4ng s\u1ed1 k\u1ef9 thu\u1eadt s\u1ea3n ph\u1ea9m:<\/strong><\/h3>\n<ul data-sourcepos=\"21:1-27:0\">\n<li data-sourcepos=\"21:1-21:32\"><strong>Ch\u1ea5t li\u1ec7u:<\/strong> S\u1ee3i carbon 100% ( t\u00f9y ch\u1ec9nh )<\/li>\n<li data-sourcepos=\"22:1-22:23\"><strong>Chi\u1ec1u d\u00e0i:<\/strong> 500 mm ( t\u00f9y ch\u1ec9nh )<\/li>\n<li data-sourcepos=\"23:1-23:28\"><strong>\u0110\u01b0\u1eddng k\u00ednh ngo\u00e0i:<\/strong> 5 mm ( t\u00f9y ch\u1ec9nh )<\/li>\n<li data-sourcepos=\"24:1-24:28\"><strong>\u0110\u01b0\u1eddng k\u00ednh trong:<\/strong> 3 mm ( t\u00f9y ch\u1ec9nh )<\/li>\n<li data-sourcepos=\"25:1-25:32\"><strong>Tr\u1ecdng l\u01b0\u1ee3ng:<\/strong> 10 g (\u0110\u01a1n l\u1ebb) ( t\u00f9y ch\u1ec9nh )<\/li>\n<li data-sourcepos=\"26:1-27:0\"><strong>B\u1ec1 m\u1eb7t ho\u00e0n thi\u1ec7n:<\/strong> \u0110en b\u00f3ng ( t\u00f9y ch\u1ec9nh )<\/li>\n<\/ul>\n<figure id=\"attachment_1942\" aria-describedby=\"caption-attachment-1942\" style=\"width: 800px\" class=\"wp-caption aligncenter\"><img loading=\"lazy\" decoding=\"async\" class=\"size-full wp-image-1942\" src=\"https:\/\/76plastic.com.vn\/vi\/wp-content\/uploads\/2024\/12\/ong-soi-carbon-1.webp\" alt=\"\u1ed0ng S\u1ee3i Carbon\" width=\"800\" height=\"800\" \/><figcaption id=\"caption-attachment-1942\" class=\"wp-caption-text\">\u1ed0ng S\u1ee3i Carbon<\/figcaption><\/figure>\n<h3 data-sourcepos=\"28:1-28:42\"><\/h3>\n<h3 data-sourcepos=\"28:1-28:42\">3. \u1ee8ng d\u1ee5ng c\u1ee7a \u1ed0ng S\u1ee3i Carbon<\/h3>\n<figure id=\"attachment_1929\" aria-describedby=\"caption-attachment-1929\" style=\"width: 300px\" class=\"wp-caption aligncenter\"><img loading=\"lazy\" decoding=\"async\" class=\"wp-image-1929 size-medium\" src=\"https:\/\/76plastic.com.vn\/vi\/wp-content\/uploads\/2024\/12\/chassis-300x300.webp\" alt=\"\" width=\"300\" height=\"300\" \/><figcaption id=\"caption-attachment-1929\" class=\"wp-caption-text\">\u1ee9ng d\u1ee5ng GFRP trong khung oto<\/figcaption><\/figure>\n<figure id=\"attachment_1937\" aria-describedby=\"caption-attachment-1937\" style=\"width: 640px\" class=\"wp-caption aligncenter\"><img loading=\"lazy\" decoding=\"async\" class=\"wp-image-1937 size-large\" src=\"https:\/\/76plastic.com.vn\/vi\/wp-content\/uploads\/2024\/12\/gfrp-l-profile1-1024x612.webp\" alt=\"\" width=\"640\" height=\"383\" \/><figcaption id=\"caption-attachment-1937\" class=\"wp-caption-text\">\u1ee8ng d\u1ee5ng trong c\u00f4ng tr\u00ecnh x\u00e2y d\u1ef1ng l\u00e0m \u1ed1ng, thanh d\u1ea7m nh\u1ef1a, thanh x\u00e0 g\u1ed3 nh\u1ef1a<\/figcaption><\/figure>\n<p>&nbsp;<\/p>\n<h3 data-sourcepos=\"28:1-28:42\"><strong>4. T\u1ea1i sao ch\u1ecdn <a href=\"https:\/\/76plastic.com.vn\/\">\u1ed0ng S\u1ee3i Carbon 76PLASTIC<\/a>?<\/strong><\/h3>\n<ul data-sourcepos=\"30:1-33:0\">\n<li data-sourcepos=\"30:1-30:86\"><strong>Ch\u1ea5t l\u01b0\u1ee3ng v\u01b0\u1ee3t tr\u1ed9i:<\/strong> \u0110\u01b0\u1ee3c s\u1ea3n xu\u1ea5t b\u1eb1ng k\u1ef9 thu\u1eadt ti\u00ean ti\u1ebfn v\u00e0 v\u1eadt li\u1ec7u cao c\u1ea5p.<\/li>\n<li data-sourcepos=\"31:1-31:75\"><strong>Gi\u1ea3i ph\u00e1p t\u00f9y ch\u1ec9nh:<\/strong> \u0110\u01b0\u1ee3c thi\u1ebft k\u1ebf \u0111\u1ec3 \u0111\u00e1p \u1ee9ng nhu c\u1ea7u c\u1ee5 th\u1ec3 c\u1ee7a b\u1ea1n.<\/li>\n<li data-sourcepos=\"32:1-33:0\"><strong>H\u1ed7 tr\u1ee3 chuy\u00ean nghi\u1ec7p:<\/strong> \u0110\u1ed9i ng\u0169 c\u1ee7a ch\u00fang t\u00f4i cam k\u1ebft cung c\u1ea5p d\u1ecbch v\u1ee5 kh\u00e1ch h\u00e0ng xu\u1ea5t s\u1eafc.<\/li>\n<\/ul>\n<p data-sourcepos=\"34:1-34:161\">S\u1eb5n s\u00e0ng n\u00e2ng t\u1ea7m d\u1ef1 \u00e1n c\u1ee7a b\u1ea1n? Li\u00ean h\u1ec7 v\u1edbi ch\u00fang t\u00f4i ngay h\u00f4m nay \u0111\u1ec3 kh\u00e1m ph\u00e1 ph\u1ea1m vi s\u1ea3n ph\u1ea9m s\u1ee3i carbon c\u1ee7a ch\u00fang t\u00f4i v\u00e0 th\u1ea3o lu\u1eadn v\u1ec1 y\u00eau c\u1ea7u c\u1ee5 th\u1ec3 c\u1ee7a b\u1ea1n.<\/p>\n","protected":false},"excerpt":{"rendered":"<ul data-sourcepos=\"21:1-27:0\">\n<li data-sourcepos=\"21:1-21:32\"><strong>Ch\u1ea5t li\u1ec7u:<\/strong> S\u1ee3i carbon 100% ( t\u00f9y ch\u1ec9nh )<\/li>\n<li data-sourcepos=\"22:1-22:23\"><strong>Chi\u1ec1u d\u00e0i:<\/strong> 500 mm ( t\u00f9y ch\u1ec9nh )<\/li>\n<li data-sourcepos=\"23:1-23:28\"><strong>\u0110\u01b0\u1eddng k\u00ednh ngo\u00e0i:<\/strong> 5 mm ( t\u00f9y ch\u1ec9nh )<\/li>\n<li data-sourcepos=\"24:1-24:28\"><strong>\u0110\u01b0\u1eddng k\u00ednh trong:<\/strong> 3 mm ( t\u00f9y ch\u1ec9nh )<\/li>\n<li data-sourcepos=\"25:1-25:32\"><strong>Tr\u1ecdng l\u01b0\u1ee3ng:<\/strong> 10 g (\u0110\u01a1n l\u1ebb) ( t\u00f9y ch\u1ec9nh )<\/li>\n<li data-sourcepos=\"26:1-27:0\"><strong>B\u1ec1 m\u1eb7t ho\u00e0n thi\u1ec7n:<\/strong> \u0110en b\u00f3ng ( t\u00f9y ch\u1ec9nh )<\/li>\n<\/ul>\n","protected":false},"featured_media":1942,"comment_status":"open","ping_status":"closed","template":"","meta":[],"product_brand":[],"product_cat":[262,263],"product_tag":[],"class_list":{"0":"post-1941","1":"product","2":"type-product","3":"status-publish","4":"has-post-thumbnail","6":"product_cat-cfrp","7":"product_cat-ong-so-carbon","8":"entry","9":"clearfix","10":"hocwp-post","11":"author-admin","12":"has-excerpt","14":"first","15":"instock","16":"shipping-taxable","17":"purchasable","18":"product-type-simple"},"aioseo_notices":[],"_links":{"self":[{"href":"https:\/\/76plastic.com.vn\/vi\/wp-json\/wp\/v2\/product\/1941","targetHints":{"allow":["GET"]}}],"collection":[{"href":"https:\/\/76plastic.com.vn\/vi\/wp-json\/wp\/v2\/product"}],"about":[{"href":"https:\/\/76plastic.com.vn\/vi\/wp-json\/wp\/v2\/types\/product"}],"replies":[{"embeddable":true,"href":"https:\/\/76plastic.com.vn\/vi\/wp-json\/wp\/v2\/comments?post=1941"}],"wp:featuredmedia":[{"embeddable":true,"href":"https:\/\/76plastic.com.vn\/vi\/wp-json\/wp\/v2\/media\/1942"}],"wp:attachment":[{"href":"https:\/\/76plastic.com.vn\/vi\/wp-json\/wp\/v2\/media?parent=1941"}],"wp:term":[{"taxonomy":"product_brand","embeddable":true,"href":"https:\/\/76plastic.com.vn\/vi\/wp-json\/wp\/v2\/product_brand?post=1941"},{"taxonomy":"product_cat","embeddable":true,"href":"https:\/\/76plastic.com.vn\/vi\/wp-json\/wp\/v2\/product_cat?post=1941"},{"taxonomy":"product_tag","embeddable":true,"href":"https:\/\/76plastic.com.vn\/vi\/wp-json\/wp\/v2\/product_tag?post=1941"}],"curies":[{"name":"wp","href":"https:\/\/api.w.org\/{rel}","templated":true}]}}