{"id":1951,"date":"2024-12-11T10:26:24","date_gmt":"2024-12-11T03:26:24","guid":{"rendered":"https:\/\/76plastic.com.vn\/vi\/?post_type=product&#038;p=1951"},"modified":"2024-12-11T10:26:25","modified_gmt":"2024-12-11T03:26:25","slug":"tam-soi-carbon-san-pham-cua-tuong-lai","status":"publish","type":"product","link":"https:\/\/76plastic.com.vn\/vi\/san-pham\/tam-soi-carbon-san-pham-cua-tuong-lai\/","title":{"rendered":"T\u1ea5m s\u1ee3i carbon: S\u1ea3n ph\u1ea9m c\u1ee7a t\u01b0\u01a1ng lai"},"content":{"rendered":"<p data-sourcepos=\"3:1-3:207\"><strong>S\u1ee3i Carbon Gia C\u01b0\u1eddng Nh\u1ef1a (CFRP)<\/strong> l\u00e0 m\u1ed9t lo\u1ea1i v\u1eadt li\u1ec7u<em> composite<\/em> ti\u00ean ti\u1ebfn \u0111\u01b0\u1ee3c t\u1ea1o th\u00e0nh t\u1eeb c\u00e1c s\u1ee3i carbon nh\u00fang trong m\u1ed9t ma tr\u1eadn polymer. S\u1ef1 k\u1ebft h\u1ee3p \u0111\u1ed9c \u0111\u00e1o n\u00e0y t\u1ea1o ra m\u1ed9t v\u1eadt li\u1ec7u v\u1eeba m\u1ea1nh m\u1ebd v\u1eeba nh\u1eb9.<\/p>\n<figure id=\"attachment_1953\" aria-describedby=\"caption-attachment-1953\" style=\"width: 900px\" class=\"wp-caption alignnone\"><img loading=\"lazy\" decoding=\"async\" class=\"wp-image-1953 size-full\" src=\"https:\/\/76plastic.com.vn\/vi\/wp-content\/uploads\/2024\/12\/51.webp\" alt=\"\" width=\"900\" height=\"900\" \/><figcaption id=\"caption-attachment-1953\" class=\"wp-caption-text\">\u00a0 \u00a0 \u00a0 \u00a0 \u00a0 \u00a0 \u00a0 \u00a0 \u00a0 \u00a0 \u00a0 \u00a0 \u00a0 \u00a0 \u00a0 \u00a0 \u00a0 \u00a0 \u00a0 \u00a0 \u00a0 \u00a0 \u00a0 \u00a0 \u00a0 \u00a0 \u00a0 \u00a0 \u00a0 \u00a0 \u00a0 \u00a0 \u00a0 \u00a0 \u00a0 \u00a0 \u00a0 \u00a0 \u00a0 \u00a0 \u00a0 \u00a0 \u00a0 \u00a0 \u00a0 \u00a0 \u00a0 \u00a0 \u00a0 \u00a0 \u00a0 \u00a0 \u00a0 \u00a0 T\u1ea5m s\u1ee3i carbon<\/figcaption><\/figure>\n<h3 data-sourcepos=\"5:1-5:27\"><strong>Qu\u00e1 Tr\u00ecnh S\u1ea3n Xu\u1ea5t:<\/strong><\/h3>\n<ol data-sourcepos=\"7:1-10:0\">\n<li data-sourcepos=\"7:1-7:164\"><strong>Ch\u1ecdn Nguy\u00ean Li\u1ec7u:<\/strong> C\u00e1c <a href=\"https:\/\/76plastic.com.vn\/vi\/soi-thuy-tinh-linh-hon-cua-thanh-xa-go-nhua-composite\/\">s\u1ee3i carbon<\/a> ch\u1ea5t l\u01b0\u1ee3ng cao v\u00e0 nh\u1ef1a, ch\u1eb3ng h\u1ea1n nh\u01b0 <a href=\"https:\/\/76plastic.com.vn\/vi\/epoxy-resin-vat-lieu-tien-phong-trong-nhieu-linh-vuc\/\">epoxy<\/a>, \u0111\u01b0\u1ee3c l\u1ef1a ch\u1ecdn c\u1ea9n th\u1eadn d\u1ef1a tr\u00ean c\u00e1c t\u00ednh ch\u1ea5t mong mu\u1ed1n c\u1ee7a s\u1ea3n ph\u1ea9m cu\u1ed1i c\u00f9ng.<\/li>\n<li data-sourcepos=\"8:1-8:106\"><strong>L\u1edbp ph\u1ee7:<\/strong> C\u00e1c s\u1ee3i carbon \u0111\u01b0\u1ee3c x\u1ebfp l\u1edbp theo m\u1ed9t h\u01b0\u1edbng c\u1ee5 th\u1ec3 \u0111\u1ec3 \u0111\u1ea1t \u0111\u01b0\u1ee3c \u0111\u1ed9 b\u1ec1n v\u00e0 \u0111\u1ed9 c\u1ee9ng c\u1ea7n thi\u1ebft.<\/li>\n<li data-sourcepos=\"9:1-10:0\"><strong>Lu\u1ed1t:<\/strong><a href=\"https:\/\/76plastic.com.vn\/vi\/quy-trinh-san-xuat-vat-lieu-composite-tai-nhua-xop-76\/\"> Composite<\/a> \u0111\u01b0\u1ee3c lu\u1ed1t d\u01b0\u1edbi nhi\u1ec7t \u0111\u1ed9 v\u00e0 \u00e1p su\u1ea5t \u0111\u01b0\u1ee3c ki\u1ec3m so\u00e1t \u0111\u1ec3 li\u00ean k\u1ebft c\u00e1c s\u1ee3i v\u00e0 nh\u1ef1a v\u1edbi nhau, t\u1ea1o th\u00e0nh m\u1ed9t t\u1ea5m laminate c\u1ee9ng.<\/li>\n<\/ol>\n<h3 data-sourcepos=\"11:1-11:29\"><strong>T\u00ednh Ch\u1ea5t v\u00e0 L\u1ee3i \u00cdch:<\/strong><\/h3>\n<ul data-sourcepos=\"13:1-17:0\">\n<li data-sourcepos=\"13:1-13:161\"><strong>T\u1ef7 L\u1ec7 C\u01b0\u1eddng \u0110\u1ed9-Tr\u1ecdng L\u01b0\u1ee3ng Cao:<\/strong> CFRP cung c\u1ea5p \u0111\u1ed9 b\u1ec1n v\u00e0 \u0111\u1ed9 c\u1ee9ng v\u01b0\u1ee3t tr\u1ed9i so v\u1edbi c\u00e1c v\u1eadt li\u1ec7u truy\u1ec1n th\u1ed1ng nh\u01b0 kim lo\u1ea1i, \u0111\u1ed3ng th\u1eddi duy tr\u00ec tr\u1ecdng l\u01b0\u1ee3ng nh\u1eb9.<\/li>\n<li data-sourcepos=\"14:1-14:117\"><strong>Kh\u00e1ng \u0102n M\u00f2n:<\/strong> Ch\u1ed1ng ch\u1ecbu \u0111\u01b0\u1ee3c nhi\u1ec1u lo\u1ea1i h\u00f3a ch\u1ea5t v\u00e0 y\u1ebfu t\u1ed1 m\u00f4i tr\u01b0\u1eddng, l\u00fd t\u01b0\u1edfng cho c\u00e1c \u0111i\u1ec1u ki\u1ec7n kh\u1eafc nghi\u1ec7t.<\/li>\n<li data-sourcepos=\"15:1-15:97\"><strong>\u1ed4n \u0110\u1ecbnh K\u00edch Th\u01b0\u1edbc:<\/strong> \u1ed4n \u0111\u1ecbnh k\u00edch th\u01b0\u1edbc tuy\u1ec7t v\u1eddi, \u0111\u1ea3m b\u1ea3o hi\u1ec7u su\u1ea5t \u1ed5n \u0111\u1ecbnh theo th\u1eddi gian.<\/li>\n<li data-sourcepos=\"16:1-17:0\"><strong>T\u00ednh T\u00f9y Bi\u1ebfn:<\/strong> C\u00e1c t\u00ednh ch\u1ea5t c\u1ee7a CFRP c\u00f3 th\u1ec3 \u0111\u01b0\u1ee3c t\u00f9y ch\u1ec9nh b\u1eb1ng c\u00e1ch thay \u0111\u1ed5i h\u01b0\u1edbng s\u1ee3i, lo\u1ea1i nh\u1ef1a v\u00e0 \u0111\u1ed9 d\u00e0y l\u1edbp.<\/li>\n<\/ul>\n<h3 data-sourcepos=\"18:1-18:17\"><strong>\u1ee8ng D\u1ee5ng:<\/strong><\/h3>\n<ul data-sourcepos=\"20:1-25:0\">\n<li data-sourcepos=\"20:1-20:78\"><strong>H\u00e0ng Kh\u00f4ng V\u0169 Tr\u1ee5:<\/strong> C\u00e1nh m\u00e1y bay, th\u00e2n m\u00e1y bay v\u00e0 c\u00e1c th\u00e0nh ph\u1ea7n n\u1ed9i th\u1ea5t<\/li>\n<li data-sourcepos=\"21:1-21:48\"><strong>\u00d4 T\u00f4:<\/strong> Xe hi\u1ec7u su\u1ea5t cao, th\u00e0nh ph\u1ea7n xe \u0111i\u1ec7n<\/li>\n<li data-sourcepos=\"22:1-22:71\"><strong>H\u00e0ng H\u1ea3i:<\/strong> Th\u00e2n t\u00e0u thuy\u1ec1n, c\u1ed9t bu\u1ed3m v\u00e0 c\u00e1c c\u1ea5u tr\u00fac h\u00e0ng h\u1ea3i kh\u00e1c<\/li>\n<li data-sourcepos=\"23:1-23:53\"><strong>Thi\u1ebft B\u1ecb Th\u1ec3 Thao:<\/strong> G\u1eady golf, v\u1ee3t tennis, xe \u0111\u1ea1p<\/li>\n<li data-sourcepos=\"24:1-25:0\"><strong>M\u00e1y M\u00f3c C\u00f4ng Nghi\u1ec7p:<\/strong> Th\u00e0nh ph\u1ea7n robot, c\u00f4ng c\u1ee5<\/li>\n<\/ul>\n<h3 data-sourcepos=\"26:1-26:26\"><strong>Th\u00f4ng S\u1ed1 K\u1ef9 Thu\u1eadt:<\/strong><\/h3>\n<ul data-sourcepos=\"28:1-31:0\">\n<li data-sourcepos=\"28:1-28:51\"><strong>\u0110\u1ed9 b\u1ec1n k\u00e9o:<\/strong> Th\u00f4ng th\u01b0\u1eddng t\u1eeb 1500 \u0111\u1ebfn 2500 MPa<\/li>\n<li data-sourcepos=\"29:1-29:48\"><strong>M\u00f4 \u0111un u\u1ed1n:<\/strong> Th\u00f4ng th\u01b0\u1eddng t\u1eeb 70 \u0111\u1ebfn 150 GPa<\/li>\n<li data-sourcepos=\"30:1-31:0\"><strong>M\u1eadt \u0111\u1ed9:<\/strong> Kho\u1ea3ng 1,5 g\/cm\u00b3<\/li>\n<\/ul>\n<h3 data-sourcepos=\"32:1-32:39\"><strong>T\u1ea1i Sao N\u00ean Ch\u1ecdn CFRP Laminate?<\/strong><\/h3>\n<ul data-sourcepos=\"34:1-38:0\">\n<li data-sourcepos=\"34:1-34:81\"><strong>Hi\u1ec7u Su\u1ea5t N\u00e2ng Cao:<\/strong> \u0110\u1ea1t \u0111\u01b0\u1ee3c \u0111\u1ed9 b\u1ec1n, \u0111\u1ed9 c\u1ee9ng v\u00e0 gi\u1ea3m tr\u1ecdng l\u01b0\u1ee3ng v\u01b0\u1ee3t tr\u1ed9i.<\/li>\n<li data-sourcepos=\"35:1-35:65\"><strong>\u0110\u1ed9 B\u1ec1n:<\/strong> Ch\u1ed1ng ch\u1ecbu h\u01b0 h\u1ecfng do c\u00e1c y\u1ebfu t\u1ed1 m\u00f4i tr\u01b0\u1eddng v\u00e0 m\u1ecfi.<\/li>\n<li data-sourcepos=\"36:1-36:75\"><strong>T\u00f9y Ch\u1ec9nh:<\/strong> T\u00f9y ch\u1ec9nh v\u1eadt li\u1ec7u \u0111\u1ec3 \u0111\u00e1p \u1ee9ng c\u00e1c y\u00eau c\u1ea7u \u1ee9ng d\u1ee5ng c\u1ee5 th\u1ec3.<\/li>\n<li data-sourcepos=\"37:1-38:0\"><strong>B\u1ec1n V\u1eefng:<\/strong> C\u00f3 th\u1ec3 \u0111\u00f3ng g\u00f3p v\u00e0o c\u00e1c s\u1ea3n ph\u1ea9m v\u00e0 quy tr\u00ecnh b\u1ec1n v\u1eefng h\u01a1n.<\/li>\n<\/ul>\n<h3 data-sourcepos=\"39:1-39:16\"><strong>K\u1ebft Lu\u1eadn<\/strong><\/h3>\n<p><a href=\"https:\/\/76plastic.com.vn\/\"><strong>76plastic<\/strong><\/a> C\u00f4ng ty ch\u00fang t\u00f4i \u0111ang t\u00ecm ki\u1ebfm c\u00e1c <strong>\u0111\u1ed1i t\u00e1c<\/strong>\u00a0<strong>nh\u00e0 ph\u00e2n ph\u1ed1i<\/strong> \u0111\u1ec3 c\u00f9ng nhau m\u1edf r\u1ed9ng th\u1ecb tr\u01b0\u1eddng <strong>v\u1eadt li\u1ec7u composite CFRP<\/strong> t\u1ea1i Vi\u1ec7t Nam v\u00e0 n\u01b0\u1edbc ngo\u00e0i. Ch\u00fang t\u00f4i s\u1edf h\u1eefu c\u00f4ng ngh\u1ec7 s\u1ea3n xu\u1ea5t ti\u00ean ti\u1ebfn v\u00e0 \u0111\u1ed9i ng\u0169 k\u1ef9 s\u01b0 gi\u00e0u kinh nghi\u1ec7m, s\u1eb5n s\u00e0ng h\u1ee3p t\u00e1c \u0111\u1ec3 cung c\u1ea5p c\u00e1c s\u1ea3n ph\u1ea9m CFRP ch\u1ea5t l\u01b0\u1ee3ng cao cho c\u00e1c ng\u00e0nh c\u00f4ng nghi\u1ec7p <strong>\u00f4 t\u00f4<\/strong>, <strong>h\u00e0ng kh\u00f4ng<\/strong>, <strong>x\u00e2y d\u1ef1ng<\/strong> v\u00e0 <strong>th\u1ec3 thao<\/strong>. N\u1ebfu b\u1ea1n \u0111ang t\u00ecm ki\u1ebfm m\u1ed9t <strong>nh\u00e0 cung c\u1ea5p CFRP uy t\u00edn<\/strong> ho\u1eb7c mu\u1ed1n <strong>\u0111\u1ea7u t\u01b0 v\u00e0o m\u1ed9t ng\u00e0nh c\u00f4ng nghi\u1ec7p ti\u1ec1m n\u0103ng<\/strong>, h\u00e3y li\u00ean h\u1ec7 ngay v\u1edbi ch\u00fang t\u00f4i<\/p>\n<p data-sourcepos=\"41:1-41:357\">CFRP laminate cung c\u1ea5p m\u1ed9t s\u1ef1 k\u1ebft h\u1ee3p \u0111\u1ed9c \u0111\u00e1o c\u1ee7a c\u00e1c t\u00ednh ch\u1ea5t, l\u00e0m cho ch\u00fang tr\u1edf th\u00e0nh m\u1ed9t v\u1eadt li\u1ec7u c\u00f3 gi\u00e1 tr\u1ecb cho m\u1ed9t lo\u1ea1t c\u00e1c \u1ee9ng d\u1ee5ng. T\u1ef7 l\u1ec7 c\u01b0\u1eddng \u0111\u1ed9-tr\u1ecdng l\u01b0\u1ee3ng cao, kh\u1ea3 n\u0103ng ch\u1ed1ng \u0103n m\u00f2n v\u00e0 t\u00ednh ch\u1ea5t c\u00f3 th\u1ec3 t\u00f9y ch\u1ec9nh c\u1ee7a ch\u00fang l\u00e0m cho ch\u00fang tr\u1edf th\u00e0nh l\u1ef1a ch\u1ecdn l\u00fd t\u01b0\u1edfng cho c\u00e1c k\u1ef9 s\u01b0 v\u00e0 nh\u00e0 thi\u1ebft k\u1ebf \u0111ang t\u00ecm c\u00e1ch t\u1ed1i \u01b0u h\u00f3a hi\u1ec7u su\u1ea5t s\u1ea3n ph\u1ea9m c\u1ee7a h\u1ecd.<\/p>\n","protected":false},"excerpt":{"rendered":"<p data-sourcepos=\"43:1-43:22\"><strong>Th\u00f4ng s\u1ed1 k\u1ef9 thu\u1eadt:<\/strong><\/p>\n<ul data-sourcepos=\"45:1-60:40\">\n<li data-sourcepos=\"45:1-45:18\"><strong>\u0110\u1ed9 d\u00e0y:<\/strong> 5 mm<\/li>\n<li data-sourcepos=\"46:1-46:27\"><strong>Ch\u1ea5t li\u1ec7u:<\/strong> S\u1ee3i Carbon<\/li>\n<li data-sourcepos=\"47:1-47:22\"><strong>Lo\u1ea1i Bao B\u00ec:<\/strong> T\u1ea5m<\/li>\n<li data-sourcepos=\"48:1-48:34\"><strong>X\u1eed l\u00fd b\u1ec1 m\u1eb7t:<\/strong> Ho\u00e0n thi\u1ec7n m\u1ecbn<\/li>\n<li data-sourcepos=\"49:1-49:18\"><strong>M\u00e0u s\u1eafc:<\/strong> \u0110en<\/li>\n<li data-sourcepos=\"50:1-50:35\"><strong>S\u1eed d\u1ee5ng\/\u1ee8ng d\u1ee5ng:<\/strong> C\u00f4ng nghi\u1ec7p<\/li>\n<li data-sourcepos=\"51:1-51:25\"><strong>T\u00ednh n\u0103ng:<\/strong> T\u1ea5m c\u1ee9ng<\/li>\n<li data-sourcepos=\"52:1-52:31\"><strong>K\u00edch th\u01b0\u1edbc:<\/strong> Theo l\u1ef1a ch\u1ecdn<\/li>\n<li data-sourcepos=\"53:1-53:29\"><strong>Lo\u1ea1i S\u1ee3i Th\u1ee7y Tinh:<\/strong> N\/A<\/li>\n<li data-sourcepos=\"54:1-54:40\"><strong>Th\u01b0\u01a1ng hi\u1ec7u:<\/strong> Aadimaata Enterprises<\/li>\n<li data-sourcepos=\"55:1-55:30\"><strong>\u0110\u1ed9 t\u1ef1 \u0111\u1ed9ng h\u00f3a:<\/strong> Th\u1ee7 c\u00f4ng<\/li>\n<li data-sourcepos=\"56:1-56:17\"><strong>M\u1eadt \u0111\u1ed9:<\/strong> Cao<\/li>\n<li data-sourcepos=\"57:1-57:28\"><strong>H\u1ecda ti\u1ebft:<\/strong> B\u00f3ng ho\u1eb7c m\u1edd<\/li>\n<li data-sourcepos=\"58:1-58:28\"><strong>K\u00edch th\u01b0\u1edbc Bao B\u00ec:<\/strong> T\u1ea5m<\/li>\n<li data-sourcepos=\"59:1-59:28\"><strong>N\u01b0\u1edbc Xu\u1ea5t X\u1ee9:<\/strong> Vi\u1ec7t Nam<\/li>\n<li data-sourcepos=\"60:1-60:40\"><strong>S\u1ed1 l\u01b0\u1ee3ng \u0111\u1eb7t h\u00e0ng t\u1ed1i thi\u1ec3u:<\/strong> 1 T\u1ea5m<\/li>\n<\/ul>\n","protected":false},"featured_media":1950,"comment_status":"open","ping_status":"closed","template":"","meta":[],"product_brand":[],"product_cat":[264],"product_tag":[],"class_list":{"0":"post-1951","1":"product","2":"type-product","3":"status-publish","4":"has-post-thumbnail","6":"product_cat-tam-soi-carbon","7":"entry","8":"clearfix","9":"hocwp-post","10":"author-admin","11":"has-excerpt","13":"first","14":"instock","15":"shipping-taxable","16":"purchasable","17":"product-type-simple"},"aioseo_notices":[],"_links":{"self":[{"href":"https:\/\/76plastic.com.vn\/vi\/wp-json\/wp\/v2\/product\/1951","targetHints":{"allow":["GET"]}}],"collection":[{"href":"https:\/\/76plastic.com.vn\/vi\/wp-json\/wp\/v2\/product"}],"about":[{"href":"https:\/\/76plastic.com.vn\/vi\/wp-json\/wp\/v2\/types\/product"}],"replies":[{"embeddable":true,"href":"https:\/\/76plastic.com.vn\/vi\/wp-json\/wp\/v2\/comments?post=1951"}],"wp:featuredmedia":[{"embeddable":true,"href":"https:\/\/76plastic.com.vn\/vi\/wp-json\/wp\/v2\/media\/1950"}],"wp:attachment":[{"href":"https:\/\/76plastic.com.vn\/vi\/wp-json\/wp\/v2\/media?parent=1951"}],"wp:term":[{"taxonomy":"product_brand","embeddable":true,"href":"https:\/\/76plastic.com.vn\/vi\/wp-json\/wp\/v2\/product_brand?post=1951"},{"taxonomy":"product_cat","embeddable":true,"href":"https:\/\/76plastic.com.vn\/vi\/wp-json\/wp\/v2\/product_cat?post=1951"},{"taxonomy":"product_tag","embeddable":true,"href":"https:\/\/76plastic.com.vn\/vi\/wp-json\/wp\/v2\/product_tag?post=1951"}],"curies":[{"name":"wp","href":"https:\/\/api.w.org\/{rel}","templated":true}]}}