{"id":1977,"date":"2025-03-12T15:41:01","date_gmt":"2025-03-12T08:41:01","guid":{"rendered":"https:\/\/76plastic.com.vn\/vi\/?post_type=product&#038;p=1977"},"modified":"2025-03-12T15:45:41","modified_gmt":"2025-03-12T08:45:41","slug":"ong-composite-frp","status":"publish","type":"product","link":"https:\/\/76plastic.com.vn\/vi\/san-pham\/ong-composite-frp\/","title":{"rendered":"\u1ed0ng Composite FRP"},"content":{"rendered":"<h2 data-start=\"143\" data-end=\"182\">1. Gi\u1edbi thi\u1ec7u v\u1ec1 \u1ed1ng composite FRP<\/h2>\n<p data-start=\"183\" data-end=\"463\"><strong data-start=\"183\" data-end=\"204\">\u1ed0ng composite FRP<\/strong> (Fiberglass Reinforced Plastics) l\u00e0 s\u1ef1 k\u1ebft h\u1ee3p gi\u1eefa keo polyester ho\u1eb7c vinylester d\u1ea1ng l\u1ecfng v\u00e0 s\u1ee3i th\u1ee7y tinh. Sau khi \u0111\u00f3ng r\u1eafn, s\u1ea3n ph\u1ea9m t\u1ea1o th\u00e0nh m\u1ed9t lo\u1ea1i v\u1eadt li\u1ec7u b\u1ec1n ch\u1eafc, c\u00f3 kh\u1ea3 n\u0103ng ch\u1ed1ng \u0103n m\u00f2n, ch\u1ecbu l\u1ef1c t\u1ed1t v\u00e0 ph\u00f9 h\u1ee3p cho nhi\u1ec1u \u1ee9ng d\u1ee5ng c\u00f4ng nghi\u1ec7p.<\/p>\n<h2 data-start=\"465\" data-end=\"499\">2. Th\u00f4ng s\u1ed1 k\u1ef9 thu\u1eadt s\u1ea3n ph\u1ea9m<\/h2>\n<h3 data-start=\"501\" data-end=\"521\"><strong data-start=\"505\" data-end=\"519\">Ch\u1ea5t li\u1ec7u:<\/strong><\/h3>\n<ul data-start=\"522\" data-end=\"711\">\n<li data-start=\"522\" data-end=\"568\"><strong data-start=\"524\" data-end=\"566\">Nh\u1ef1a gia c\u01b0\u1eddng s\u1ee3i th\u1ee7y tinh (FRP\/GRP)<\/strong><\/li>\n<li data-start=\"569\" data-end=\"634\"><strong data-start=\"571\" data-end=\"584\">Keo nh\u1ef1a:<\/strong> Vinylester SW-901 ho\u1eb7c polyester ch\u1ea5t l\u01b0\u1ee3ng cao<\/li>\n<li data-start=\"635\" data-end=\"711\"><strong data-start=\"637\" data-end=\"655\"><a href=\"https:\/\/76plastic.com.vn\/vi\/soi-thuy-tinh-linh-hon-cua-thanh-xa-go-nhua-composite\/\">S\u1ee3i th\u1ee7y tinh<\/a>:<\/strong> S\u1ee3i c\u1eaft ng\u1eafn Mat 300, s\u1ee3i qu\u1ea5n d\u00e0i Direct Roving 2400<\/li>\n<\/ul>\n<h3 data-start=\"713\" data-end=\"742\"><strong data-start=\"717\" data-end=\"740\">C\u00f4ng ngh\u1ec7 s\u1ea3n xu\u1ea5t:<\/strong><\/h3>\n<ul data-start=\"743\" data-end=\"945\">\n<li data-start=\"743\" data-end=\"841\"><strong data-start=\"745\" data-end=\"788\">Ph\u01b0\u01a1ng ph\u00e1p qu\u1ea5n s\u1ee3i (Filament Winding)<\/strong> \u2013 \u00e1p d\u1ee5ng cho \u1ed1ng c\u00f3 \u0111\u01b0\u1eddng k\u00ednh l\u1edbn v\u00e0 \u00e1p su\u1ea5t cao<\/li>\n<li data-start=\"842\" data-end=\"945\"><strong data-start=\"844\" data-end=\"881\">Ph\u01b0\u01a1ng ph\u00e1p \u0111\u1eafp tay (Hand Lay-up)<\/strong> \u2013 ph\u00f9 h\u1ee3p cho \u1ed1ng c\u00f3 \u0111\u01b0\u1eddng k\u00ednh nh\u1ecf, y\u00eau c\u1ea7u ch\u1ed1ng \u0103n m\u00f2n cao<\/li>\n<\/ul>\n<h3 data-start=\"947\" data-end=\"979\"><strong data-start=\"951\" data-end=\"977\">K\u00edch th\u01b0\u1edbc ti\u00eau chu\u1ea9n:<\/strong><\/h3>\n<ul data-start=\"980\" data-end=\"1133\">\n<li data-start=\"980\" data-end=\"1030\"><strong data-start=\"982\" data-end=\"996\">Chi\u1ec1u d\u00e0i:<\/strong> 3m, 6m, 10m, 12m ho\u1eb7c t\u00f9y ch\u1ec9nh<\/li>\n<li data-start=\"1031\" data-end=\"1089\"><strong data-start=\"1033\" data-end=\"1044\">\u0110\u1ed9 d\u00e0y:<\/strong> Theo thi\u1ebft k\u1ebf ho\u1eb7c theo y\u00eau c\u1ea7u kh\u00e1ch h\u00e0ng<\/li>\n<li data-start=\"1090\" data-end=\"1133\"><strong data-start=\"1092\" data-end=\"1104\">M\u00e0u s\u1eafc:<\/strong> Xanh l\u00e1, \u0111\u1ecf ho\u1eb7c t\u00f9y ch\u1ec9nh<\/li>\n<\/ul>\n<h3 data-start=\"1135\" data-end=\"1177\"><strong data-start=\"1139\" data-end=\"1175\">Ti\u00eau chu\u1ea9n &amp; c\u00f4ng ngh\u1ec7 s\u1ea3n xu\u1ea5t:<\/strong><\/h3>\n<ul data-start=\"1178\" data-end=\"1296\">\n<li data-start=\"1178\" data-end=\"1231\"><strong data-start=\"1180\" data-end=\"1194\">C\u00f4ng ngh\u1ec7:<\/strong> M\u00e1y qu\u1ea5n s\u1ee3i nh\u1eadp kh\u1ea9u t\u1eeb \u0110\u00e0i Loan<\/li>\n<li data-start=\"1232\" data-end=\"1268\"><strong data-start=\"1234\" data-end=\"1254\">Ti\u00eau chu\u1ea9n ASTM:<\/strong> ASTM D-2996<\/li>\n<li data-start=\"1269\" data-end=\"1296\"><strong data-start=\"1271\" data-end=\"1289\">H\u1ec7 s\u1ed1 an to\u00e0n:<\/strong> 10:1<\/li>\n<\/ul>\n<h2 data-start=\"1298\" data-end=\"1356\">3. \u0110\u1eb7c t\u00ednh v\u1eadt l\u00fd c\u1ee7a \u1ed1ng composite FRP &#8211; 76 Plastic<\/h2>\n<table style=\"width: 79.2231%;\" data-start=\"1358\" data-end=\"2206\">\n<thead data-start=\"1358\" data-end=\"1426\">\n<tr data-start=\"1358\" data-end=\"1426\">\n<th style=\"width: 66.0269%;\" data-start=\"1358\" data-end=\"1390\"><strong data-start=\"1360\" data-end=\"1372\">Th\u00f4ng s\u1ed1<\/strong><\/th>\n<th style=\"width: 17.2306%;\" data-start=\"1390\" data-end=\"1403\"><strong data-start=\"1392\" data-end=\"1402\">\u0110\u01a1n v\u1ecb<\/strong><\/th>\n<th style=\"width: 52.0391%;\" data-start=\"1403\" data-end=\"1426\"><strong data-start=\"1405\" data-end=\"1416\">Gi\u00e1 tr\u1ecb<\/strong><\/th>\n<\/tr>\n<\/thead>\n<tbody data-start=\"1497\" data-end=\"2206\">\n<tr data-start=\"1497\" data-end=\"1565\">\n<td style=\"width: 66.0269%;\"><strong data-start=\"1499\" data-end=\"1529\">T\u1ef7 tr\u1ecdng (Specific weight)<\/strong><\/td>\n<td style=\"width: 17.2306%;\">&#8211;<\/td>\n<td style=\"width: 52.0391%;\">1.6 \u2013 1.9<\/td>\n<\/tr>\n<tr data-start=\"1566\" data-end=\"1634\">\n<td style=\"width: 66.0269%;\"><strong data-start=\"1568\" data-end=\"1601\">\u0110\u1ed9 b\u1ec1n k\u00e9o (Tensile strength)<\/strong><\/td>\n<td style=\"width: 17.2306%;\">kg\/mm\u00b2<\/td>\n<td style=\"width: 52.0391%;\">7 &#8211; 12<\/td>\n<\/tr>\n<tr data-start=\"1635\" data-end=\"1702\">\n<td style=\"width: 66.0269%;\"><strong data-start=\"1637\" data-end=\"1669\">M\u00f4 \u0111un k\u00e9o (Tensile modulus)<\/strong><\/td>\n<td style=\"width: 17.2306%;\">kg\/mm\u00b2<\/td>\n<td style=\"width: 52.0391%;\">650 \u2013 1300<\/td>\n<\/tr>\n<tr data-start=\"1703\" data-end=\"1773\">\n<td style=\"width: 66.0269%;\"><strong data-start=\"1705\" data-end=\"1742\">\u0110\u1ed9 b\u1ec1n n\u00e9n (Compressive strength)<\/strong><\/td>\n<td style=\"width: 17.2306%;\">kg\/mm\u00b2<\/td>\n<td style=\"width: 52.0391%;\">10 &#8211; 20<\/td>\n<\/tr>\n<tr data-start=\"1774\" data-end=\"1842\">\n<td style=\"width: 66.0269%;\"><strong data-start=\"1776\" data-end=\"1811\">\u0110\u1ed9 b\u1ec1n u\u1ed1n (Flextural strength)<\/strong><\/td>\n<td style=\"width: 17.2306%;\">kg\/mm\u00b2<\/td>\n<td style=\"width: 52.0391%;\">20 &#8211; 30<\/td>\n<\/tr>\n<tr data-start=\"1843\" data-end=\"1910\">\n<td style=\"width: 66.0269%;\"><strong data-start=\"1845\" data-end=\"1879\">M\u00f4 \u0111un u\u1ed1n (Flextural modulus)<\/strong><\/td>\n<td style=\"width: 17.2306%;\">kg\/mm\u00b2<\/td>\n<td style=\"width: 52.0391%;\">550 \u2013 1200<\/td>\n<\/tr>\n<tr data-start=\"1911\" data-end=\"1983\">\n<td style=\"width: 66.0269%;\"><strong data-start=\"1913\" data-end=\"1954\">Nhi\u1ec7t \u0111\u1ed9 l\u00e0m vi\u1ec7c (Range temperature)<\/strong><\/td>\n<td style=\"width: 17.2306%;\">\u00b0C<\/td>\n<td style=\"width: 52.0391%;\">-20 \u0111\u1ebfn +60<\/td>\n<\/tr>\n<tr data-start=\"1984\" data-end=\"2053\">\n<td style=\"width: 66.0269%;\"><strong data-start=\"1986\" data-end=\"2022\">Nhi\u1ec7t dung ri\u00eang (Specific heat)<\/strong><\/td>\n<td style=\"width: 17.2306%;\">Kcal\/kg\u00b0C<\/td>\n<td style=\"width: 52.0391%;\">0.29 &#8211; 0.32<\/td>\n<\/tr>\n<tr data-start=\"2054\" data-end=\"2126\">\n<td style=\"width: 66.0269%;\"><strong data-start=\"2056\" data-end=\"2095\">\u0110\u1ed9 d\u1eabn nhi\u1ec7t (Thermal conductivity)<\/strong><\/td>\n<td style=\"width: 17.2306%;\">Kcal\/mh\u00b0C<\/td>\n<td style=\"width: 52.0391%;\">0.2 &#8211; 0.3<\/td>\n<\/tr>\n<tr data-start=\"2127\" data-end=\"2206\">\n<td style=\"width: 66.0269%;\"><strong data-start=\"2129\" data-end=\"2177\">H\u1ec7 s\u1ed1 gi\u00e3n n\u1edf (Linear expansion coefficient)<\/strong><\/td>\n<td style=\"width: 17.2306%;\">(10\u207b\u2076\/\u00b0C)<\/td>\n<td style=\"width: 52.0391%;\">(15~) x 10\u207b\u2076<\/td>\n<\/tr>\n<\/tbody>\n<\/table>\n<h2 data-start=\"2208\" data-end=\"2254\">4. K\u1ebft c\u1ea5u l\u1edbp v\u1eadt li\u1ec7u \u1ed1ng composite FRP<\/h2>\n<h3 data-start=\"2256\" data-end=\"2327\"><strong data-start=\"2260\" data-end=\"2325\">1. L\u1edbp ch\u1ed1ng \u0103n m\u00f2n (Anticorrosive Layer &#8211; 10% s\u1ee3i th\u1ee7y tinh)<\/strong><\/h3>\n<ul data-start=\"2328\" data-end=\"2402\">\n<li data-start=\"2328\" data-end=\"2357\"><strong data-start=\"2330\" data-end=\"2355\">Keo Vinylester SW-901<\/strong><\/li>\n<li data-start=\"2358\" data-end=\"2402\"><strong data-start=\"2360\" data-end=\"2400\">S\u1ee3i th\u1ee7y tinh Tisiu 30, \u0111\u1ed9 d\u00e0y 0.4mm<\/strong><\/li>\n<\/ul>\n<h3 data-start=\"2404\" data-end=\"2472\"><strong data-start=\"2408\" data-end=\"2470\">2. L\u1edbp gia c\u01b0\u1eddng (Reinforced Layer &#8211; 60-70% s\u1ee3i th\u1ee7y tinh)<\/strong><\/h3>\n<ul data-start=\"2473\" data-end=\"2587\">\n<li data-start=\"2473\" data-end=\"2509\"><strong data-start=\"2475\" data-end=\"2507\">Keo Polyester ch\u1ea5t l\u01b0\u1ee3ng cao<\/strong><\/li>\n<li data-start=\"2510\" data-end=\"2549\"><strong data-start=\"2512\" data-end=\"2547\">S\u1ee3i qu\u1ea5n d\u00e0i Direct Roving 2400<\/strong><\/li>\n<li data-start=\"2550\" data-end=\"2587\"><strong data-start=\"2552\" data-end=\"2585\">Qu\u1ea5n b\u1eb1ng m\u00e1y Winding Machine<\/strong><\/li>\n<\/ul>\n<h3 data-start=\"2589\" data-end=\"2645\"><strong data-start=\"2593\" data-end=\"2643\">3. L\u1edbp ngo\u00e0i (Outer Layer &#8211; 10% s\u1ee3i th\u1ee7y tinh)<\/strong><\/h3>\n<ul data-start=\"2646\" data-end=\"2713\">\n<li data-start=\"2646\" data-end=\"2680\"><strong data-start=\"2648\" data-end=\"2678\">Keo Polyester ch\u1ed1ng tia UV<\/strong><\/li>\n<li data-start=\"2681\" data-end=\"2713\"><strong data-start=\"2683\" data-end=\"2711\">S\u1ee3i l\u1ee5a Tisiu, nhi\u1ec1u keo<\/strong><\/li>\n<\/ul>\n<h2 data-start=\"2715\" data-end=\"2753\">5. \u1ee8ng d\u1ee5ng c\u1ee7a \u1ed1ng composite FRP<\/h2>\n<p data-start=\"2754\" data-end=\"3116\"><strong data-start=\"2754\" data-end=\"2790\">\u1ed0ng composite FRP c\u1ee7a 76 Plastic<\/strong> \u0111\u01b0\u1ee3c s\u1eed d\u1ee5ng r\u1ed9ng r\u00e3i trong c\u00e1c l\u0129nh v\u1ef1c:<br data-start=\"2832\" data-end=\"2835\" \/>\u2714 <strong data-start=\"2837\" data-end=\"2885\">H\u1ec7 th\u1ed1ng \u1ed1ng c\u1ea5p tho\u00e1t n\u01b0\u1edbc, x\u1eed l\u00fd n\u01b0\u1edbc th\u1ea3i<\/strong><br data-start=\"2885\" data-end=\"2888\" \/>\u2714 <strong data-start=\"2890\" data-end=\"2954\">\u1ed0ng d\u1eabn h\u00f3a ch\u1ea5t ch\u1ed1ng \u0103n m\u00f2n cho nh\u00e0 m\u00e1y h\u00f3a ch\u1ea5t, ph\u00e2n b\u00f3n<\/strong><br data-start=\"2954\" data-end=\"2957\" \/>\u2714 <strong data-start=\"2959\" data-end=\"3005\">H\u1ec7 th\u1ed1ng \u1ed1ng d\u1eabn kh\u00ed, kh\u00ed th\u1ea3i c\u00f4ng nghi\u1ec7p<\/strong><br data-start=\"3005\" data-end=\"3008\" \/>\u2714 <strong data-start=\"3010\" data-end=\"3050\">\u1ee8ng d\u1ee5ng ph\u00f2ng ch\u00e1y ch\u1eefa ch\u00e1y (PCCC)<\/strong><br data-start=\"3050\" data-end=\"3053\" \/>\u2714 <strong data-start=\"3055\" data-end=\"3114\">D\u1eabn n\u01b0\u1edbc mu\u1ed1i, ki\u1ec1m, axit lo\u00e3ng trong ng\u00e0nh c\u00f4ng nghi\u1ec7p<\/strong><\/p>\n<h2 data-start=\"3118\" data-end=\"3184\">6. \u01afu \u0111i\u1ec3m n\u1ed5i b\u1eadt c\u1ee7a \u1ed1ng composite FRP so v\u1edbi v\u1eadt li\u1ec7u kh\u00e1c<\/h2>\n<p data-start=\"3185\" data-end=\"3540\">\u2705 <strong data-start=\"3187\" data-end=\"3213\">Ch\u1ed1ng \u0103n m\u00f2n v\u01b0\u1ee3t tr\u1ed9i<\/strong> \u2013 Kh\u00f4ng b\u1ecb \u0103n m\u00f2n b\u1edfi h\u00f3a ch\u1ea5t v\u00e0 m\u00f4i tr\u01b0\u1eddng<br data-start=\"3258\" data-end=\"3261\" \/>\u2705 <strong data-start=\"3263\" data-end=\"3282\">Tr\u1ecdng l\u01b0\u1ee3ng nh\u1eb9<\/strong> \u2013 Nh\u1eb9 h\u01a1n th\u00e9p ho\u1eb7c b\u00ea t\u00f4ng, d\u1ec5 d\u00e0ng v\u1eadn chuy\u1ec3n v\u00e0 l\u1eafp \u0111\u1eb7t<br data-start=\"3341\" data-end=\"3344\" \/>\u2705 <strong data-start=\"3346\" data-end=\"3360\">\u0110\u1ed9 b\u1ec1n cao<\/strong> \u2013 Tu\u1ed5i th\u1ecd l\u00ean \u0111\u1ebfn 15-20 n\u0103m<br data-start=\"3389\" data-end=\"3392\" \/>\u2705 <strong data-start=\"3394\" data-end=\"3429\">Kh\u1ea3 n\u0103ng ch\u1ecbu nhi\u1ec7t, \u00e1p l\u1ef1c t\u1ed1t<\/strong> \u2013 Ph\u00f9 h\u1ee3p v\u1edbi m\u00f4i tr\u01b0\u1eddng kh\u1eafc nghi\u1ec7t<br data-start=\"3466\" data-end=\"3469\" \/>\u2705 <strong data-start=\"3471\" data-end=\"3497\">Chi ph\u00ed l\u1eafp \u0111\u1eb7t t\u1ed1i \u01b0u<\/strong> \u2013 Gi\u1ea3m thi\u1ec3u chi ph\u00ed b\u1ea3o tr\u00ec v\u00e0 v\u1eadn h\u00e0nh<\/p>\n<h2 data-start=\"3542\" data-end=\"3588\">7. Ph\u01b0\u01a1ng ph\u00e1p gh\u00e9p n\u1ed1i \u1ed1ng composite FRP<\/h2>\n<ul data-start=\"3590\" data-end=\"3803\">\n<li data-start=\"3590\" data-end=\"3634\"><strong data-start=\"3592\" data-end=\"3632\">N\u1ed1i b\u00edch c\u1ed1 \u0111\u1ecbnh (Flange Connection)<\/strong><\/li>\n<li data-start=\"3635\" data-end=\"3673\"><strong data-start=\"3637\" data-end=\"3671\">N\u1ed1i gi\u1ea3m b\u00edch (Reducer Flange)<\/strong><\/li>\n<li data-start=\"3674\" data-end=\"3727\"><strong data-start=\"3676\" data-end=\"3725\">N\u1ed1i \u0111\u1ed1i \u0111\u1ea7u b\u1eb1ng keo chuy\u00ean d\u1ee5ng ho\u1eb7c h\u00e0n tay<\/strong><\/li>\n<li data-start=\"3728\" data-end=\"3803\"><strong data-start=\"3730\" data-end=\"3801\">K\u1ebft h\u1ee3p \u1ed1ng FRP v\u1edbi \u1ed1ng nh\u1ef1a d\u1ebbo b\u1eb1ng ph\u01b0\u01a1ng ph\u00e1p h\u00f3a ch\u1ea5t dung m\u00f4i<\/strong><\/li>\n<\/ul>\n<h2>8. Xu th\u1ebf v\u00e0 ch\u1ec9 s\u1ed1 ti\u00eau d\u00f9ng \u1ed1ng FRP\/GRP\/GRE to\u00e0n c\u1ea7u<\/h2>\n<p><a href=\"https:\/\/exactitudeconsultancy.com\/vi\/reports\/26208\/frp-grp-gre-pipe-market\">Th\u1ecb tr\u01b0\u1eddng \u1ed1ng FRP\/GRP\/GRE<\/a> to\u00e0n c\u1ea7u \u0111\u01b0\u1ee3c \u0111\u1ecbnh gi\u00e1 3,91 t\u1ef7 l\u1ec7 v\u00e0o n\u0103m 2022 v\u00e0 d\u1ef1 ki\u1ebfn \u200b\u200bs\u1ebd \u0111\u1ea1t 5,61 t\u1ef7 l\u1ec7 v\u00e0o n\u0103m 2029, t\u0103ng tr\u01b0\u1edfng \u1edf t\u1ed1c \u0111\u1ed9 CAGR l\u00e0 5,30% t\u1eeb n\u0103m 2022 \u0111\u1ebfn n\u0103m 2029.<\/p>\n<hr data-start=\"3805\" data-end=\"3808\" \/>\n<p data-start=\"3810\" data-end=\"4033\">\ud83d\udca1 <strong data-start=\"3813\" data-end=\"3827\">76 Plastic<\/strong> \u2013 \u0110\u01a1n v\u1ecb chuy\u00ean s\u1ea3n xu\u1ea5t <strong data-start=\"3853\" data-end=\"3874\">\u1ed1ng composite FRP<\/strong> theo y\u00eau c\u1ea7u, \u0111\u1ea3m b\u1ea3o ch\u1ea5t l\u01b0\u1ee3ng cao, \u0111\u00e1p \u1ee9ng c\u00e1c ti\u00eau chu\u1ea9n ASTM, ph\u00f9 h\u1ee3p v\u1edbi nhi\u1ec1u ng\u00e0nh c\u00f4ng nghi\u1ec7p. <a href=\"https:\/\/76plastic.com.vn\/vi\/lien-he\/\"><strong data-start=\"3979\" data-end=\"3995\">Li\u00ean h\u1ec7 ngay<\/strong><\/a> \u0111\u1ec3 \u0111\u01b0\u1ee3c t\u01b0 v\u1ea5n v\u00e0 b\u00e1o gi\u00e1 chi ti\u1ebft!<\/p>\n<p>Email ch\u00fang t\u00f4i<br \/>\n<strong>info@76plastic.com.vn<\/strong><\/p>\n<p>\u0110i\u1ec7n tho\u1ea1i<br \/>\n<strong>Hotline:\u00a0<a href=\"tel:+842436789321\">+84 243 6789 321<\/a><br \/>\n\u0110i\u1ec7n tho\u1ea1i: Mr \u0110\u1ee9c Anh:\u00a0<a href=\"tel:+84961160818\">+84 961 160 818<\/a>\u00a0\u2013 Gi\u00e1m \u0111\u1ed1c d\u1ef1 \u00e1n<\/strong><\/p>\n<figure id=\"attachment_1978\" aria-describedby=\"caption-attachment-1978\" style=\"width: 960px\" class=\"wp-caption alignnone\"><img loading=\"lazy\" decoding=\"async\" class=\"size-full wp-image-1978\" src=\"https:\/\/76plastic.com.vn\/vi\/wp-content\/uploads\/2025\/03\/nha-may-frp.webp\" alt=\"\u1ed0ng composite FRP ch\u1ea5t l\u01b0\u1ee3ng cao, s\u1ea3n xu\u1ea5t t\u1ea1i nh\u00e0 m\u00e1y c\u1ee7a 76 Plastic.\" width=\"960\" height=\"720\" \/><figcaption id=\"caption-attachment-1978\" class=\"wp-caption-text\">\u1ed0ng composite FRP c\u00f3 \u0111\u1ed9 b\u1ec1n cao, ch\u1ecbu l\u1ef1c t\u1ed1t, ch\u1ed1ng \u0103n m\u00f2n &#8211; Gi\u1ea3i ph\u00e1p \u1ed1ng d\u1eabn cho nhi\u1ec1u ng\u00e0nh c\u00f4ng nghi\u1ec7p.<\/figcaption><\/figure>\n","protected":false},"excerpt":{"rendered":"<h3 data-start=\"81\" data-end=\"124\"><strong data-start=\"246\" data-end=\"270\">\u0110\u1eb7c \u0111i\u1ec3m s\u1ea3n ph\u1ea9m<\/strong><\/h3>\n<ul data-start=\"273\" data-end=\"810\">\n<li data-start=\"273\" data-end=\"300\"><strong data-start=\"275\" data-end=\"287\">Xu\u1ea5t x\u1ee9:<\/strong> Vietnam<\/li>\n<li data-start=\"301\" data-end=\"325\"><strong data-start=\"303\" data-end=\"319\">Th\u01b0\u01a1ng hi\u1ec7u:<\/strong> 76 Plastic<\/li>\n<li data-start=\"326\" data-end=\"357\"><strong data-start=\"328\" data-end=\"344\">M\u00e3 s\u1ea3n ph\u1ea9m:<\/strong> ALP-FRP-009<\/li>\n<li data-start=\"358\" data-end=\"388\"><strong data-start=\"360\" data-end=\"377\">X\u1eed l\u00fd b\u1ec1 m\u1eb7t:<\/strong> Nh\u1eb5n m\u1ecbn<\/li>\n<li data-start=\"389\" data-end=\"460\"><strong data-start=\"391\" data-end=\"408\">T\u00ean s\u1ea3n ph\u1ea9m:<\/strong> \u1ed0ng composite s\u1ee3i th\u1ee7y tinh (Fiberglass Pipeline)<\/li>\n<li data-start=\"461\" data-end=\"516\"><strong data-start=\"463\" data-end=\"477\">Ch\u1ea5t li\u1ec7u:<\/strong> S\u1ee3i th\u1ee7y tinh (Fiberglass), FRP, GRP<\/li>\n<li data-start=\"517\" data-end=\"573\"><strong data-start=\"519\" data-end=\"531\">M\u00e0u s\u1eafc:<\/strong> Xanh l\u00e1, \u0111\u1ecf ho\u1eb7c t\u00f9y ch\u1ec9nh theo y\u00eau c\u1ea7u<\/li>\n<li data-start=\"574\" data-end=\"635\"><strong data-start=\"576\" data-end=\"601\">K\u00edch th\u01b0\u1edbc chi\u1ec1u d\u00e0i:<\/strong> 3m, 6m, 10m, 12m ho\u1eb7c t\u00f9y ch\u1ec9nh<\/li>\n<li data-start=\"636\" data-end=\"662\"><strong data-start=\"638\" data-end=\"649\">\u0110\u1ed9 d\u00e0y:<\/strong> 3mm &#8211; 10mm<\/li>\n<li data-start=\"663\" data-end=\"712\"><strong data-start=\"665\" data-end=\"686\">\u00c1p su\u1ea5t ch\u1ecbu l\u1ef1c:<\/strong> Theo y\u00eau c\u1ea7u kh\u00e1ch h\u00e0ng<\/li>\n<li data-start=\"713\" data-end=\"768\"><strong data-start=\"715\" data-end=\"738\">C\u00f4ng ngh\u1ec7 s\u1ea3n xu\u1ea5t:<\/strong> Qu\u1ea5n s\u1ee3i<\/li>\n<li data-start=\"769\" data-end=\"810\"><strong data-start=\"771\" data-end=\"793\">Tu\u1ed5i th\u1ecd s\u1ea3n ph\u1ea9m:<\/strong> \u00cdt nh\u1ea5t 50 n\u0103m<\/li>\n<\/ul>\n<p data-start=\"812\" data-end=\"985\">S\u1ea3n ph\u1ea9m \u1ed1ng composite FRP c\u1ee7a 76 Plastic \u0111\u01b0\u1ee3c s\u1ea3n xu\u1ea5t v\u1edbi c\u00f4ng ngh\u1ec7 ti\u00ean ti\u1ebfn, \u0111\u1ea3m b\u1ea3o \u0111\u1ed9 b\u1ec1n cao, kh\u1ea3 n\u0103ng ch\u1ed1ng \u0103n m\u00f2n v\u00e0 \u0111\u00e1p \u1ee9ng \u0111a d\u1ea1ng nhu c\u1ea7u trong ng\u00e0nh x\u00e2y d\u1ef1ng.<\/p>\n","protected":false},"featured_media":1976,"comment_status":"open","ping_status":"closed","template":"","meta":[],"product_brand":[],"product_cat":[265],"product_tag":[],"class_list":{"0":"post-1977","1":"product","2":"type-product","3":"status-publish","4":"has-post-thumbnail","6":"product_cat-ong-composite-frp","7":"entry","8":"clearfix","9":"hocwp-post","10":"author-admin","11":"has-excerpt","13":"first","14":"instock","15":"shipping-taxable","16":"purchasable","17":"product-type-simple"},"aioseo_notices":[],"_links":{"self":[{"href":"https:\/\/76plastic.com.vn\/vi\/wp-json\/wp\/v2\/product\/1977","targetHints":{"allow":["GET"]}}],"collection":[{"href":"https:\/\/76plastic.com.vn\/vi\/wp-json\/wp\/v2\/product"}],"about":[{"href":"https:\/\/76plastic.com.vn\/vi\/wp-json\/wp\/v2\/types\/product"}],"replies":[{"embeddable":true,"href":"https:\/\/76plastic.com.vn\/vi\/wp-json\/wp\/v2\/comments?post=1977"}],"wp:featuredmedia":[{"embeddable":true,"href":"https:\/\/76plastic.com.vn\/vi\/wp-json\/wp\/v2\/media\/1976"}],"wp:attachment":[{"href":"https:\/\/76plastic.com.vn\/vi\/wp-json\/wp\/v2\/media?parent=1977"}],"wp:term":[{"taxonomy":"product_brand","embeddable":true,"href":"https:\/\/76plastic.com.vn\/vi\/wp-json\/wp\/v2\/product_brand?post=1977"},{"taxonomy":"product_cat","embeddable":true,"href":"https:\/\/76plastic.com.vn\/vi\/wp-json\/wp\/v2\/product_cat?post=1977"},{"taxonomy":"product_tag","embeddable":true,"href":"https:\/\/76plastic.com.vn\/vi\/wp-json\/wp\/v2\/product_tag?post=1977"}],"curies":[{"name":"wp","href":"https:\/\/api.w.org\/{rel}","templated":true}]}}