{"id":883,"date":"2023-10-25T01:20:43","date_gmt":"2023-10-24T18:20:43","guid":{"rendered":"http:\/\/76plastic.com.vn\/vi\/?post_type=product&#038;p=883"},"modified":"2024-07-12T20:59:46","modified_gmt":"2024-07-12T13:59:46","slug":"wagon-nho","status":"publish","type":"product","link":"https:\/\/76plastic.com.vn\/vi\/san-pham\/wagon-nho\/","title":{"rendered":"Xe \u0111\u1ea9y g\u1ea5p g\u1ecdn"},"content":{"rendered":"<h2 class=\"\" data-sourcepos=\"1:1-1:39\">Chi Ti\u1ebft S\u1ea3n Ph\u1ea9m &#8211; Xe \u0111\u1ea9y v\u00e0 k\u00e9o d\u00e3 ngo\u1ea1i<\/h2>\n<div class=\"horizontal-scroll-wrapper\">\n<div class=\"table-block-component\">\n<div class=\"table-block\">\n<div class=\"table-content not-end-of-paragraph\">\n<table data-sourcepos=\"3:1-29:27\">\n<tbody>\n<tr data-sourcepos=\"3:1-3:24\">\n<th data-sourcepos=\"3:1-3:12\">Thu\u1ed9c t\u00ednh<\/th>\n<th data-sourcepos=\"3:14-3:22\">Gi\u00e1 tr\u1ecb<\/th>\n<\/tr>\n<tr data-sourcepos=\"5:1-5:38\">\n<td data-sourcepos=\"5:1-5:17\"><strong>N\u01a1i xu\u1ea5t x\u1ee9<\/strong><\/td>\n<td data-sourcepos=\"5:19-5:36\">H\u00e0 N\u1ed9i, Vi\u1ec7t Nam<\/td>\n<\/tr>\n<tr data-sourcepos=\"6:1-6:37\">\n<td data-sourcepos=\"6:1-6:21\"><strong>T\u00ean th\u01b0\u01a1ng hi\u1ec7u<\/strong><\/td>\n<td data-sourcepos=\"6:23-6:35\">Nh\u1ef1a X\u1ed1p 76<\/td>\n<\/tr>\n<tr data-sourcepos=\"7:1-7:64\">\n<td data-sourcepos=\"7:1-7:28\"><strong>K\u00edch th\u01b0\u1edbc (L x W x H)<\/strong><\/td>\n<td data-sourcepos=\"7:30-7:62\">99x59x76.5CM (c\u00f3 th\u1ec3 t\u00f9y ch\u1ec9nh)<\/td>\n<\/tr>\n<tr data-sourcepos=\"8:1-8:66\">\n<td data-sourcepos=\"8:1-8:13\"><strong>S\u1eed d\u1ee5ng<\/strong><\/td>\n<td data-sourcepos=\"8:15-8:64\">\u0110a d\u1ea1ng (c\u1eafm tr\u1ea1i, d\u00e3 ngo\u1ea1i, picnic, \u0111i ch\u1ee3,&#8230;)<\/td>\n<\/tr>\n<tr data-sourcepos=\"9:1-9:39\">\n<td data-sourcepos=\"9:1-9:18\"><strong>T\u00ean s\u1ea3n ph\u1ea9m<\/strong><\/td>\n<td data-sourcepos=\"9:20-9:37\">Gi\u1ecf g\u1ea5p c\u1eafm tr\u1ea1i<\/td>\n<\/tr>\n<tr data-sourcepos=\"10:1-10:27\">\n<td data-sourcepos=\"10:1-10:13\"><strong>M\u00e0u s\u1eafc<\/strong><\/td>\n<td data-sourcepos=\"10:15-10:25\">T\u00f9y ch\u1ec9nh<\/td>\n<\/tr>\n<tr data-sourcepos=\"11:1-11:24\">\n<td data-sourcepos=\"11:1-11:10\"><strong>Logo<\/strong><\/td>\n<td data-sourcepos=\"11:12-11:22\">T\u00f9y ch\u1ec9nh<\/td>\n<\/tr>\n<tr data-sourcepos=\"12:1-12:107\">\n<td data-sourcepos=\"12:1-12:15\"><strong>T\u00ednh n\u0103ng<\/strong><\/td>\n<td data-sourcepos=\"12:17-12:105\">\u1ed4n \u0111\u1ecbnh &amp; B\u1ec1n B\u1ec9, C\u00f3 B\u00e1nh Xe, G\u1ea5p G\u1ecdn Ti\u1ec7n L\u1ee3i, Ch\u1ed1ng Th\u1ea5m N\u01b0\u1edbc, Nhi\u1ec1u Ng\u0103n Ch\u1ee9a \u0110\u1ed3<\/td>\n<\/tr>\n<tr data-sourcepos=\"13:1-13:32\">\n<td data-sourcepos=\"13:1-13:9\"><strong>\u1ed0ng<\/strong><\/td>\n<td data-sourcepos=\"13:11-13:30\">Dia19mm * Th\u00e9p 1mm<\/td>\n<\/tr>\n<tr data-sourcepos=\"14:1-14:29\">\n<td data-sourcepos=\"14:1-14:9\"><strong>V\u1ea3i<\/strong><\/td>\n<td data-sourcepos=\"14:11-14:27\">V\u1ea3i Oxford 600D<\/td>\n<\/tr>\n<tr data-sourcepos=\"15:1-15:47\">\n<td data-sourcepos=\"15:1-15:18\"><strong>C\u00e1ch s\u1eed d\u1ee5ng<\/strong><\/td>\n<td data-sourcepos=\"15:20-15:45\">Gi\u1ecf v\u01b0\u1eddn g\u1ea5p v\u1edbi b\u00e1nh xe<\/td>\n<\/tr>\n<tr data-sourcepos=\"16:1-16:35\">\n<td data-sourcepos=\"16:1-16:15\"><strong>Ch\u1ee9c n\u0103ng<\/strong><\/td>\n<td data-sourcepos=\"16:17-16:33\">Toa xe ti\u1ec7n \u00edch<\/td>\n<\/tr>\n<tr data-sourcepos=\"17:1-17:22\">\n<td data-sourcepos=\"17:1-17:14\"><strong>C\u00e2n n\u1eb7ng<\/strong><\/td>\n<td data-sourcepos=\"17:16-17:20\">7kg<\/td>\n<\/tr>\n<tr data-sourcepos=\"18:1-18:27\">\n<td data-sourcepos=\"18:1-18:14\"><strong>B\u1ea3o h\u00e0nh<\/strong><\/td>\n<td data-sourcepos=\"18:16-18:25\">12 th\u00e1ng<\/td>\n<\/tr>\n<tr data-sourcepos=\"19:1-19:26\">\n<td data-sourcepos=\"19:1-19:15\"><strong>T\u1ea3i tr\u1ecdng<\/strong><\/td>\n<td data-sourcepos=\"19:17-19:24\">120 kg<\/td>\n<\/tr>\n<tr data-sourcepos=\"20:1-20:27\">\n<td data-sourcepos=\"20:1-20:13\"><strong>B\u00e1nh xe<\/strong><\/td>\n<td data-sourcepos=\"20:15-20:25\">T\u00f9y ch\u1ec9nh<\/td>\n<\/tr>\n<tr data-sourcepos=\"21:1-21:31\">\n<td data-sourcepos=\"21:1-21:27\"><strong>\u0110\u00f3ng g\u00f3i v\u00e0 giao h\u00e0ng<\/strong><\/td>\n<td data-sourcepos=\"21:29-21:29\"><\/td>\n<\/tr>\n<tr data-sourcepos=\"22:1-22:57\">\n<td data-sourcepos=\"22:1-22:23\"><strong>Chi ti\u1ebft \u0111\u00f3ng g\u00f3i<\/strong><\/td>\n<td data-sourcepos=\"22:25-22:55\">Gi\u1ecf h\u00e0ng t\u1ea1p h\u00f3a b\u00e3i bi\u1ec3n g\u1ea5p<\/td>\n<\/tr>\n<tr data-sourcepos=\"23:1-23:23\">\n<td data-sourcepos=\"23:1-23:10\"><strong>C\u1ea3ng<\/strong><\/td>\n<td data-sourcepos=\"23:12-23:21\">Vi\u1ec7t Nam<\/td>\n<\/tr>\n<tr data-sourcepos=\"24:1-24:33\">\n<td data-sourcepos=\"24:1-24:21\"><strong>\u0110\u01a1n v\u1ecb b\u00e1n h\u00e0ng<\/strong><\/td>\n<td data-sourcepos=\"24:23-24:31\">M\u1ee5c \u0111\u01a1n<\/td>\n<\/tr>\n<tr data-sourcepos=\"25:1-25:41\">\n<td data-sourcepos=\"25:1-25:24\"><strong>K\u00edch th\u01b0\u1edbc g\u00f3i \u0111\u01a1n<\/strong><\/td>\n<td data-sourcepos=\"25:26-25:39\">50X100X80 cm<\/td>\n<\/tr>\n<tr data-sourcepos=\"26:1-26:58\">\n<td data-sourcepos=\"26:1-26:26\"><strong>T\u1ed5ng tr\u1ecdng l\u01b0\u1ee3ng \u0111\u01a1n<\/strong><\/td>\n<td data-sourcepos=\"26:28-26:56\">8.000 kg (c\u00f3 th\u1ec3 t\u00f9y ch\u1ec9nh)<\/td>\n<\/tr>\n<tr data-sourcepos=\"27:1-27:48\">\n<td data-sourcepos=\"27:1-27:23\"><strong>Kh\u1ea3 n\u0103ng cung c\u1ea5p<\/strong><\/td>\n<td data-sourcepos=\"27:25-27:46\">50000 xe \/ m\u1ed7i th\u00e1ng<\/td>\n<\/tr>\n<tr data-sourcepos=\"28:1-28:51\">\n<td data-sourcepos=\"28:1-28:14\"><strong>\u0110\u00f3ng g\u00f3i<\/strong><\/td>\n<td data-sourcepos=\"28:16-28:49\">Th\u00f9ng carton in logo k\u1ef9 thu\u1eadt s\u1ed1<\/td>\n<\/tr>\n<tr data-sourcepos=\"29:1-29:27\">\n<td data-sourcepos=\"29:1-29:15\"><strong>Giao h\u00e0ng<\/strong><\/td>\n<td data-sourcepos=\"29:17-29:25\">30 ng\u00e0y<\/td>\n<\/tr>\n<\/tbody>\n<\/table>\n<\/div>\n<\/div>\n<\/div>\n<\/div>\n<div class=\"table-footer hide-from-message-actions ng-star-inserted\"><\/div>\n<h2 data-sourcepos=\"3:1-3:22\">Nh\u00e0 s\u1ea3n xu\u1ea5t xe \u0111\u1ea9y d\u00e3 ngo\u1ea1i s\u1ed1 l\u01b0\u1ee3ng l\u1edbn &#8211; Nh\u1ef1a X\u1ed1p 76 t\u00ecm ki\u1ebfm \u0111\u1ed1i t\u00e1c ph\u00e2n ph\u1ed1i<\/h2>\n<p data-sourcepos=\"5:1-5:45\"><strong>Thi\u1ebft k\u1ebf th\u00f4ng minh, t\u00ednh n\u0103ng v\u01b0\u1ee3t tr\u1ed9i:<\/strong><\/p>\n<ul data-sourcepos=\"7:1-7:63\">\n<li data-sourcepos=\"7:1-7:63\"><strong>B\u00e1nh xe cao su PU:<\/strong> Di chuy\u1ec3n nh\u1eb9 nh\u00e0ng tr\u00ean m\u1ecdi \u0111\u1ecba h\u00ecnh, t\u1eeb c\u1ecf, c\u00e1t \u0111\u1ebfn b\u00ea t\u00f4ng. B\u00e1nh tr\u01b0\u1edbc xoay 360 \u0111\u1ed9 gi\u00fap \u0111i\u1ec1u h\u01b0\u1edbng linh ho\u1ea1t, v\u01b0\u1ee3t ch\u01b0\u1edbng ng\u1ea1i v\u1eadt d\u1ec5 d\u00e0ng.<\/li>\n<li data-sourcepos=\"8:1-8:84\"><strong>V\u1ea3i Oxford 600D cao c\u1ea5p:<\/strong> B\u1ec1n b\u1ec9, ch\u1ed1ng th\u1ea5m n\u01b0\u1edbc, d\u1ec5 d\u00e0ng th\u00e1o r\u1eddi v\u00e0 v\u1ec7 sinh.<\/li>\n<li data-sourcepos=\"9:1-9:88\"><strong>G\u1ea5p g\u1ecdn ti\u1ec7n l\u1ee3i:<\/strong> Ti\u1ebft ki\u1ec7m kh\u00f4ng gian l\u01b0u tr\u1eef, d\u1ec5 d\u00e0ng mang theo m\u1ecdi l\u00fac m\u1ecdi n\u01a1i.<\/li>\n<li data-sourcepos=\"10:1-11:0\"><strong>Ch\u1ecbu t\u1ea3i tr\u1ecdng cao:<\/strong> L\u00ean \u0111\u1ebfn 120kg, \u0111\u00e1p \u1ee9ng nhu c\u1ea7u \u0111a d\u1ea1ng cho gia \u0111\u00ecnh v\u00e0 nh\u00f3m b\u1ea1n.<\/li>\n<\/ul>\n<p data-sourcepos=\"12:1-12:17\"><strong>Ho\u00e0n h\u1ea3o cho:<\/strong><\/p>\n<ul data-sourcepos=\"14:1-17:0\">\n<li data-sourcepos=\"14:1-14:77\"><strong>Du l\u1ecbch, d\u00e3 ngo\u1ea1i:<\/strong> Mang theo \u0111\u1ed3 \u0111\u1ea1c, d\u1ee5ng c\u1ee5 c\u1eafm tr\u1ea1i m\u1ed9t c\u00e1ch d\u1ec5 d\u00e0ng.<\/li>\n<li data-sourcepos=\"15:1-15:55\"><strong>Ho\u1ea1t \u0111\u1ed9ng ngo\u00e0i tr\u1eddi:<\/strong> V\u01b0\u1eddn, s\u00e2n b\u00e3i, b\u00e3i bi\u1ec3n,&#8230;<\/li>\n<li data-sourcepos=\"16:1-17:0\"><strong>S\u1eed d\u1ee5ng h\u00e0ng ng\u00e0y:<\/strong> Mua s\u1eafm, v\u1eadn chuy\u1ec3n h\u00e0ng h\u00f3a nh\u1eb9.<\/li>\n<\/ul>\n<p data-sourcepos=\"18:1-18:24\"><strong>Nh\u1ef1a X\u1ed1p 76 cam k\u1ebft:<\/strong><\/p>\n<ul data-sourcepos=\"20:1-23:0\">\n<li data-sourcepos=\"20:1-20:99\"><strong>Cung c\u1ea5p s\u1ed1 l\u01b0\u1ee3ng l\u1edbn s\u1ea3n ph\u1ea9m ch\u1ea5t l\u01b0\u1ee3ng cao:<\/strong> \u0110\u00e1p \u1ee9ng m\u1ecdi nhu c\u1ea7u c\u1ee7a \u0111\u1ed1i t\u00e1c v\u00e0 kh\u00e1ch h\u00e0ng.<\/li>\n<li data-sourcepos=\"21:1-21:83\"><strong>Ch\u00ednh s\u00e1ch gi\u00e1 c\u1ea3 c\u1ea1nh tranh:<\/strong> H\u1ed7 tr\u1ee3 t\u1ed1i \u01b0u cho ho\u1ea1t \u0111\u1ed9ng kinh doanh c\u1ee7a b\u1ea1n.<\/li>\n<li data-sourcepos=\"22:1-23:0\"><strong>D\u1ecbch v\u1ee5 h\u1ed7 tr\u1ee3 chu \u0111\u00e1o:<\/strong> Gi\u1ea3i \u0111\u00e1p th\u1eafc m\u1eafc, t\u01b0 v\u1ea5n t\u1eadn t\u00ecnh, s\u1eb5n s\u00e0ng \u0111\u1ed3ng h\u00e0nh c\u00f9ng b\u1ea1n.<\/li>\n<\/ul>\n<p data-sourcepos=\"24:1-24:86\"><strong>Li\u00ean h\u1ec7 ngay v\u1edbi Nh\u1ef1a X\u1ed1p 76 \u0111\u1ec3 nh\u1eadn <span style=\"font-size: 14pt;\"><span style=\"color: #0000ff;\">b\u00e1o gi\u00e1<\/span> <span style=\"color: #0000ff;\">t\u1ed1t nh\u1ea5t<\/span> <span style=\"font-size: 12pt;\">qua email<\/span><\/span> v\u00e0 tr\u1edf th\u00e0nh \u0111\u1ed1i t\u00e1c ph\u00e2n ph\u1ed1i ho\u1eb7c \u0111\u1eb7t mua s\u1ea3n ph\u1ea9m!<\/strong><\/p>\n<p data-sourcepos=\"26:1-26:44\"><strong>Xe \u0110\u1ea9y v\u00e0 <a href=\"https:\/\/76plastic.com.vn\/vi\/san-pham\/xe-keo-wagon\/\">Xe K\u00e9o<\/a> Nh\u1ef1a X\u1ed1p 76 &#8211; Ch\u1ea5t l\u01b0\u1ee3ng v\u01b0\u1ee3t tr\u1ed9i, gi\u00e1 th\u00e0nh h\u1ee3p l\u00fd!<\/strong><\/p>\n<p data-sourcepos=\"26:1-26:44\">S\u1ea3n ph\u1ea9m \u0111i k\u00e8m <a href=\"https:\/\/76plastic.com.vn\/vi\/san-pham\/ghe-02\/\"><strong>Gh\u1ebf g\u1ea5p g\u1ecdn d\u00e3 ngo\u1ea1i<\/strong><\/a>. Kh\u00e1m ph\u00e1 th\u00eam c\u00e1c <a href=\"https:\/\/76plastic.com.vn\/vi\/danh-muc\/san-pham-da-ngoai\/\"><strong>s\u1ea3n ph\u1ea9m d\u00e3 ngo\u1ea1i<\/strong><\/a> kh\u00e1c c\u1ee7a ch\u00fang t\u00f4i<\/p>\n<p><b>Li\u00ean h\u1ec7 ngay \u0111\u1ec3 \u0111\u1eb7t mua:<\/b><\/p>\n<ul>\n<li style=\"font-weight: 400;\" aria-level=\"1\"><span style=\"font-weight: 400;\">Website:<\/span><a href=\"https:\/\/76plastic.com.vn\/vi\/lien-he\/\"> <span style=\"font-weight: 400;\">https:\/\/76plastic.com.vn\/vi\/lien-he\/<\/span><\/a><\/li>\n<li style=\"font-weight: 400;\" aria-level=\"1\"><span style=\"font-weight: 400;\">Hotline: <strong><a href=\"tel:+842436789321\">+84 243 6789 321<\/a><\/strong><\/span><\/li>\n<li style=\"font-weight: 400;\" aria-level=\"1\"><span style=\"font-weight: 400;\">Email: <strong>info@76plastic.com.vn<\/strong><\/span><\/li>\n<\/ul>\n<figure id=\"attachment_1800\" aria-describedby=\"caption-attachment-1800\" style=\"width: 1154px\" class=\"wp-caption aligncenter\"><img loading=\"lazy\" decoding=\"async\" class=\"wp-image-1800 size-full\" src=\"https:\/\/76plastic.com.vn\/vi\/wp-content\/uploads\/2024\/07\/xeo-keo-da-ngoai.webp\" alt=\"Xe \u0111\u1ea9y d\u00e3 ngo\u1ea1i\" width=\"1154\" height=\"1118\" \/><figcaption id=\"caption-attachment-1800\" class=\"wp-caption-text\">H\u00ecnh \u1ea3nh xe \u0111\u1ea9y cho g\u1ecdn l\u00ean oto<\/figcaption><\/figure>\n<p>&nbsp;<\/p>\n<figure id=\"attachment_1801\" aria-describedby=\"caption-attachment-1801\" style=\"width: 702px\" class=\"wp-caption aligncenter\"><img loading=\"lazy\" decoding=\"async\" class=\"wp-image-1801 size-full\" src=\"https:\/\/76plastic.com.vn\/vi\/wp-content\/uploads\/2023\/10\/xe_day_da_ngoai1.webp\" alt=\"Xe \u0111\u1ea9y &amp; k\u00e9o d\u00e3 ngo\u1ea1i\" width=\"702\" height=\"618\" \/><figcaption id=\"caption-attachment-1801\" class=\"wp-caption-text\">Xe \u0111\u1ea9y &amp; k\u00e9o d\u00e1nh cho d\u00e3 ngo\u1ea1i<\/figcaption><\/figure>\n<figure id=\"attachment_1795\" aria-describedby=\"caption-attachment-1795\" style=\"width: 1920px\" class=\"wp-caption aligncenter\"><img loading=\"lazy\" decoding=\"async\" class=\"wp-image-1795 size-full\" src=\"https:\/\/76plastic.com.vn\/vi\/wp-content\/uploads\/2024\/07\/gioi-thieu-san-pham-da-ngoai.webp\" alt=\"S\u1ea3n ph\u1ea9m d\u00e3 ngo\u1ea1i\" width=\"1920\" height=\"600\" \/><figcaption id=\"caption-attachment-1795\" class=\"wp-caption-text\">C\u00e1c s\u1ea3n ph\u1ea9m d\u00e3 ngo\u1ea1i c\u1ee7a Nh\u1ef1a X\u1ed1p 76<\/figcaption><\/figure>\n<p>&nbsp;<\/p>\n<figure id=\"attachment_1660\" aria-describedby=\"caption-attachment-1660\" style=\"width: 1536px\" class=\"wp-caption aligncenter\"><img loading=\"lazy\" decoding=\"async\" class=\"wp-image-1660 size-full\" src=\"https:\/\/76plastic.com.vn\/vi\/wp-content\/uploads\/2023\/12\/IMG_2008-sua-1536x890-1.webp\" alt=\"Nh\u00e0 m\u00e1y s\u1ea3n xu\u1ea5t xe k\u00e9o, \u0111\u1ea9y\" width=\"1536\" height=\"890\" \/><figcaption id=\"caption-attachment-1660\" class=\"wp-caption-text\">Nh\u00e0 m\u00e1y s\u1ea3n xu\u1ea5t xe k\u00e9o, \u0111\u1ea9y &#8211; Nh\u1ef1a x\u1ed1p 76<\/figcaption><\/figure>\n<p><strong>Ph\u1ea3n h\u1ed3i c\u1ee7a kh\u00e1ch h\u00e0ng<\/strong><\/p>\n<figure id=\"attachment_1788\" aria-describedby=\"caption-attachment-1788\" style=\"width: 505px\" class=\"wp-caption aligncenter\"><img loading=\"lazy\" decoding=\"async\" class=\"wp-image-1788 size-full\" src=\"https:\/\/76plastic.com.vn\/vi\/wp-content\/uploads\/2024\/07\/phan_hoi_tu_khach_hang_screenshot-2024-07-11-121752.png\" alt=\"Ph\u1ea3n h\u1ed3i c\u1ee7a kh\u00e1ch h\u00e0ng\" width=\"505\" height=\"557\" \/><figcaption id=\"caption-attachment-1788\" class=\"wp-caption-text\">Ph\u1ea3n h\u1ed3i c\u1ee7a kh\u00e1ch h\u00e0ng v\u1ec1 d\u1ecbch v\u1ee5<\/figcaption><\/figure>\n","protected":false},"excerpt":{"rendered":"<h4>\u0110\u1eb7c \u0110i\u1ec3m N\u1ed5i B\u1eadt<\/h4>\n<ul>\n<li><strong>Ch\u1ea5t Li\u1ec7u:<\/strong> Khung th\u00e9p s\u01a1n t\u0129nh \u0111i\u1ec7n \u0111\u01b0\u1eddng k\u00ednh 19mm, \u0111\u1ed9 d\u00e0y 1mm; v\u1ea3i Oxford 600D.<\/li>\n<li><strong>K\u00edch Th\u01b0\u1edbc:<\/strong> 99x59x76.5cm, t\u00f9y ch\u1ec9nh theo nhu c\u1ea7u kh\u00e1ch h\u00e0ng.<\/li>\n<li><strong>Tr\u1ecdng L\u01b0\u1ee3ng:<\/strong> 7kg, t\u1ea3i tr\u1ecdng l\u00ean \u0111\u1ebfn 120kg.<\/li>\n<li><strong>Thi\u1ebft K\u1ebf:<\/strong> G\u1ea5p g\u1ecdn, d\u1ec5 d\u00e0ng v\u1eadn chuy\u1ec3n v\u00e0 l\u01b0u tr\u1eef.<\/li>\n<li><strong>B\u00e1nh Xe:<\/strong> T\u00f9y ch\u1ec9nh, ph\u00f9 h\u1ee3p cho nhi\u1ec1u \u0111\u1ecba h\u00ecnh.<\/li>\n<\/ul>\n","protected":false},"featured_media":884,"comment_status":"open","ping_status":"closed","template":"","meta":[],"product_brand":[],"product_cat":[22],"product_tag":[],"class_list":{"0":"post-883","1":"product","2":"type-product","3":"status-publish","4":"has-post-thumbnail","6":"product_cat-san-pham-da-ngoai","7":"entry","8":"clearfix","9":"hocwp-post","10":"author-admin","11":"has-excerpt","13":"first","14":"instock","15":"shipping-taxable","16":"purchasable","17":"product-type-simple"},"aioseo_notices":[],"_links":{"self":[{"href":"https:\/\/76plastic.com.vn\/vi\/wp-json\/wp\/v2\/product\/883","targetHints":{"allow":["GET"]}}],"collection":[{"href":"https:\/\/76plastic.com.vn\/vi\/wp-json\/wp\/v2\/product"}],"about":[{"href":"https:\/\/76plastic.com.vn\/vi\/wp-json\/wp\/v2\/types\/product"}],"replies":[{"embeddable":true,"href":"https:\/\/76plastic.com.vn\/vi\/wp-json\/wp\/v2\/comments?post=883"}],"wp:featuredmedia":[{"embeddable":true,"href":"https:\/\/76plastic.com.vn\/vi\/wp-json\/wp\/v2\/media\/884"}],"wp:attachment":[{"href":"https:\/\/76plastic.com.vn\/vi\/wp-json\/wp\/v2\/media?parent=883"}],"wp:term":[{"taxonomy":"product_brand","embeddable":true,"href":"https:\/\/76plastic.com.vn\/vi\/wp-json\/wp\/v2\/product_brand?post=883"},{"taxonomy":"product_cat","embeddable":true,"href":"https:\/\/76plastic.com.vn\/vi\/wp-json\/wp\/v2\/product_cat?post=883"},{"taxonomy":"product_tag","embeddable":true,"href":"https:\/\/76plastic.com.vn\/vi\/wp-json\/wp\/v2\/product_tag?post=883"}],"curies":[{"name":"wp","href":"https:\/\/api.w.org\/{rel}","templated":true}]}}