{"id":886,"date":"2023-10-25T01:20:27","date_gmt":"2023-10-24T18:20:27","guid":{"rendered":"http:\/\/76plastic.com.vn\/vi\/?post_type=product&#038;p=886"},"modified":"2024-07-12T15:55:28","modified_gmt":"2024-07-12T08:55:28","slug":"xe-keo-da_ngoai_wagon","status":"publish","type":"product","link":"https:\/\/76plastic.com.vn\/vi\/san-pham\/xe-keo-da_ngoai_wagon\/","title":{"rendered":"Xe k\u00e9o wagon"},"content":{"rendered":"","protected":false},"excerpt":{"rendered":"<p><span style=\"color: #ed1c24;\"><strong>Xe k\u00e9o wagon<\/strong><\/span> sang tr\u1ecdng d\u00e0nh cho m\u1ecdi \u0111\u1ecba h\u00ecnh c\u00f3 kh\u1ea3 n\u0103ng ch\u1edf t\u1edbi 70 kg..<\/p>\n<ul>\n<li><strong>B\u00c1NH XE CAO SU PU<\/strong>: B\u1ea1n c\u00f3 th\u1ec3 l\u01b0\u1edbt nh\u1eb9 nh\u00e0ng tr\u00ean nhi\u1ec1u b\u1ec1 m\u1eb7t bao g\u1ed3m c\u1ecf, b\u1ee5i b\u1ea9n, b\u00ea t\u00f4ng, v\u1ec9a h\u00e8, b\u00e3i bi\u1ec3n \u0111\u1ea7y c\u00e1t, v.v. B\u00e1nh tr\u01b0\u1edbc xoay 360 \u0111\u1ed9 cho ph\u00e9p b\u00e1n k\u00ednh quay v\u00f2ng h\u1eb9p v\u00e0 d\u1ec5 d\u00e0ng di chuy\u1ec3n xung quanh ch\u01b0\u1edbng ng\u1ea1i v\u1eadt v\u00e0 \u0111i\u1ec1u h\u01b0\u1edbng \u0111\u1ecba h\u00ecnh. B\u00e1nh xe l\u1edbn h\u01a1n l\u00e0m gi\u1ea3m nh\u1eefng va ch\u1ea1m tr\u00ean \u0111\u01b0\u1eddng \u0111i c\u1ee7a b\u1ea1n \u0111\u1ec3 h\u00e0ng h\u00f3a qu\u00fd gi\u00e1 v\u00e0 h\u00e0nh kh\u00e1ch c\u00f3 th\u1ec3 tr\u1ea3i nghi\u1ec7m m\u1ed9t chuy\u1ebfn \u0111i \u00eam \u00e1i.<\/li>\n<li><strong>V\u1ea2I CH\u1ea4T L\u01af\u1ee2NG CAO C\u00d3 TH\u1ec2 TH\u00c1O R\u1edcI<\/strong>: Lo\u1ea1i v\u1ea3i n\u00e0y dai v\u00e0 b\u1ec1n \u0111\u1ec3 x\u1eed l\u00fd b\u1ea5t c\u1ee9 th\u1ee9 g\u00ec b\u1ea1n n\u00e9m v\u00e0o n\u00f3, \u0111\u1ed3ng th\u1eddi c\u00f3 th\u1ec3 d\u1ec5 d\u00e0ng th\u00e1o ra v\u00e0 l\u00e0m s\u1ea1ch b\u1eb1ng n\u01b0\u1edbc x\u1ea3 t\u1eeb v\u00f2i ho\u1eb7c ch\u1ec9 c\u1ea7n lau s\u1ea1ch. B\u1ea1n c\u00f3 th\u1ec3 v\u1eadn chuy\u1ec3n thi\u1ebft b\u1ecb c\u1ee7a m\u00ecnh m\u1ed9t c\u00e1ch t\u1ef1 tin v\u00e0 \u0111\u00e1ng tin c\u1eady m\u00e0 kh\u00f4ng ph\u1ea3i lo l\u1eafng v\u1ec1 t\u00ecnh tr\u1ea1ng l\u1ed9n x\u1ed9n ho\u1eb7c \u0111\u1ed9 b\u1ec1n.<\/li>\n<li><strong>CH\u1ed6 \u0110\u1ec2 H\u00c0NG H\u00d3A C\u00d3 TH\u1ec2 M\u1ede R\u1ed8NG<\/strong>: L\u00fd t\u01b0\u1edfng cho c\u1eafm tr\u1ea1i, s\u1ef1 ki\u1ec7n, giao h\u00e0ng, ch\u1ee3 n\u00f4ng s\u1ea3n, k\u1ef3 ngh\u1ec9, v.v. H\u00e3y bu\u1ed9c th\u00f9ng gi\u1eef nhi\u1ec7t \u1edf b\u00e3i bi\u1ec3n, h\u1ed9p \u0111\u1ef1ng b\u00e1nh quy cho N\u1eef H\u01b0\u1edbng \u0111\u1ea1o, v.v.<\/li>\n<li><strong>T\u00cdNH DI \u0110\u1ed8NG<\/strong>: Xe \u0111\u1ea9y c\u00f3 th\u1ec3 g\u1eadp l\u1ea1i n\u00e0y c\u00f3 th\u1ec3 di chuy\u1ec3n \u0111\u01b0\u1ee3c &#8211; khi kh\u00f4ng s\u1eed d\u1ee5ng, h\u00e3y g\u1ea5p n\u00f3 l\u1ea1i v\u00e0 c\u1ea5t trong c\u1ed1p \u00f4 t\u00f4, t\u1ee7 qu\u1ea7n \u00e1o ho\u1eb7c gara c\u1ee7a b\u1ea1n. Khi b\u1ea1n c\u1ea7n &#8211; h\u00e3y k\u00e9o n\u00f3 ra v\u00e0 ch\u1ec9 c\u1ea7n m\u1edf ra s\u1eed d\u1ee5ng. Tuy\u1ec7t v\u1eddi cho nh\u1eefng ng\u01b0\u1eddi th\u00edch c\u00e2u c\u00e1, c\u1eafm tr\u1ea1i, \u0111i b\u1ed9 \u0111\u01b0\u1eddng d\u00e0i, tham gia c\u00e1c chuy\u1ebfn du ngo\u1ea1n ngo\u00e0i tr\u1eddi, giao h\u00e0ng, v.v.<\/li>\n<li><span style=\"color: #282828;\"><strong>K\u00cdCH TH\u01af\u1edaC KHI M\u1ede<\/strong>:<\/span> (L)940 x (W)550 x (H)650 (mm);<\/li>\n<\/ul>\n<p><span style=\"color: #282828;\"><strong>CH\u1ea4T LI\u1ec6U<\/strong>: <\/span><\/p>\n<ul>\n<li>Khung th\u00e9p, s\u01a1n t\u0129nh \u0111i\u1ec7n d\u1ea1ng v\u00e2n b\u00faa<\/li>\n<li>V\u1ea3i polyester<\/li>\n<\/ul>\n<p><strong><span style=\"color: #282828;\">TH\u1edcI GIAN GIAO H\u00c0NG:<\/span><\/strong> 30 ng\u00e0y<\/p>\n<p><strong><span style=\"color: #282828;\">BAO G\u00d3I:<\/span><\/strong>Th\u00f9ng carton in logo k\u1ef9 thu\u1eadt s\u1ed1<\/p>\n<p><span style=\"color: #282828;\"><strong>B\u00c1O GI\u00c1:<\/strong><\/span><\/p>\n<ul>\n<li>FOB<\/li>\n<li>EXW<\/li>\n<\/ul>\n<p>Do s\u1ea3n ph\u1ea9m kh\u00f4ng ng\u1eebng \u0111\u01b0\u1ee3c c\u1ea3i ti\u1ebfn, h\u00ecnh \u1ea3nh s\u1ea3n ph\u1ea9m c\u00f3 th\u1ec3 h\u01a1i kh\u00e1c so v\u1edbi s\u1ea3n ph\u1ea9m th\u1ef1c t\u1ebf \u0111\u01b0\u1ee3c mua.<\/p>\n<p>&nbsp;<\/p>\n","protected":false},"featured_media":887,"comment_status":"open","ping_status":"closed","template":"","meta":[],"product_brand":[],"product_cat":[22],"product_tag":[],"class_list":{"0":"post-886","1":"product","2":"type-product","3":"status-publish","4":"has-post-thumbnail","6":"product_cat-san-pham-da-ngoai","7":"entry","8":"clearfix","9":"hocwp-post","10":"author-admin","11":"has-excerpt","13":"first","14":"instock","15":"shipping-taxable","16":"purchasable","17":"product-type-simple"},"aioseo_notices":[],"_links":{"self":[{"href":"https:\/\/76plastic.com.vn\/vi\/wp-json\/wp\/v2\/product\/886","targetHints":{"allow":["GET"]}}],"collection":[{"href":"https:\/\/76plastic.com.vn\/vi\/wp-json\/wp\/v2\/product"}],"about":[{"href":"https:\/\/76plastic.com.vn\/vi\/wp-json\/wp\/v2\/types\/product"}],"replies":[{"embeddable":true,"href":"https:\/\/76plastic.com.vn\/vi\/wp-json\/wp\/v2\/comments?post=886"}],"wp:featuredmedia":[{"embeddable":true,"href":"https:\/\/76plastic.com.vn\/vi\/wp-json\/wp\/v2\/media\/887"}],"wp:attachment":[{"href":"https:\/\/76plastic.com.vn\/vi\/wp-json\/wp\/v2\/media?parent=886"}],"wp:term":[{"taxonomy":"product_brand","embeddable":true,"href":"https:\/\/76plastic.com.vn\/vi\/wp-json\/wp\/v2\/product_brand?post=886"},{"taxonomy":"product_cat","embeddable":true,"href":"https:\/\/76plastic.com.vn\/vi\/wp-json\/wp\/v2\/product_cat?post=886"},{"taxonomy":"product_tag","embeddable":true,"href":"https:\/\/76plastic.com.vn\/vi\/wp-json\/wp\/v2\/product_tag?post=886"}],"curies":[{"name":"wp","href":"https:\/\/api.w.org\/{rel}","templated":true}]}}