{"id":888,"date":"2023-10-25T01:20:06","date_gmt":"2023-10-24T18:20:06","guid":{"rendered":"http:\/\/76plastic.com.vn\/vi\/?post_type=product&#038;p=888"},"modified":"2023-12-08T03:16:40","modified_gmt":"2023-12-07T20:16:40","slug":"ghe-gap-sieu-nhe","status":"publish","type":"product","link":"https:\/\/76plastic.com.vn\/vi\/san-pham\/ghe-gap-sieu-nhe\/","title":{"rendered":"Gh\u1ebf g\u1ea5p si\u00eau nh\u1eb9"},"content":{"rendered":"","protected":false},"excerpt":{"rendered":"<p><strong>M\u00f4 t\u1ea3 S\u1ea3n ph\u1ea9m<\/strong><\/p>\n<p><span style=\"color: #ed1c24;\"><strong>Gh\u1ebf g\u1ea5p th\u00f4ng th\u01b0\u1eddng c\u00f3 m\u1ed9t ng\u0103n \u0111\u1ef1ng c\u1ed1c<\/strong><\/span> d\u00e0nh cho m\u1ecdi ng\u01b0\u1eddi c\u00f3 th\u1ec3 ch\u1ecbu t\u1ea3i t\u1edbi 198 lbs.<\/p>\n<ul>\n<li><strong>V\u1ea2I CH\u1ea4T L\u01af\u1ee2NG CAO C\u00d3 TH\u1ec2 TH\u00c1O R\u1edcI<\/strong> &#8211; Lo\u1ea1i v\u1ea3i n\u00e0y r\u1ea5t dai v\u00e0 b\u1ec1n \u0111\u1ec3 x\u1eed l\u00fd b\u1ea5t c\u1ee9 th\u1ee9 g\u00ec b\u1ea1n n\u00e9m v\u00e0o n\u00f3, \u0111\u1ed3ng th\u1eddi c\u00f3 th\u1ec3 d\u1ec5 d\u00e0ng th\u00e1o ra v\u00e0 l\u00e0m s\u1ea1ch b\u1eb1ng n\u01b0\u1edbc x\u1ea3 t\u1eeb v\u00f2i ho\u1eb7c ch\u1ec9 c\u1ea7n lau s\u1ea1ch.<\/li>\n<li><strong>T\u00cdNH DI \u0110\u1ed8NG V\u00c0 TI\u1ebeT KI\u1ec6M KH\u00d4NG GIAN<\/strong>:<br \/>\n&#8211; B\u1ea1n c\u00f3 th\u1ec3 v\u1eadn chuy\u1ec3n gh\u1ebf m\u1ed9t c\u00e1ch tho\u1ea3i m\u00e1i v\u00e0 nh\u1eb9 nh\u00e0ng do t\u00ednh n\u0103ng g\u1ea5p g\u1ecdn th\u00f4ng minh v\u00e0 tr\u1ecdng l\u01b0\u1ee3ng nh\u1eb9.<br \/>\n&#8211; Khi b\u1ea1n kh\u00f4ng s\u1eed d\u1ee5ng, gh\u1ebf c\u00f3 th\u1ec3 g\u1ea5p g\u1ecdn v\u00e0 c\u1ea5t trong c\u1ed1p xe, ho\u1eb7c c\u1ea5t v\u00e0o g\u00f3c ph\u00f2ng m\u00e0 kh\u00f4ng l\u00e0m h\u1ea1n ch\u1ebf kh\u00f4ng gian s\u1ed1ng c\u1ee7a b\u1ea1n<\/li>\n<li><strong>Ph\u00f9 h\u1ee3p v\u1edbi c\u0103n h\u1ed9 c\u00f3 kh\u00f4ng gian h\u1ea1n ch\u1ebf ho\u1eb7c c\u00e1c chuy\u1ebfn \u0111i d\u00e3 ngo\u1ea1i<\/strong><\/li>\n<li style=\"text-align: left;\"><strong>TR\u1eccNG L\u01af\u1ee2NG<\/strong>: 17 lbs<\/li>\n<li style=\"text-align: left;\"><strong>V\u1eadt li\u1ec7u<\/strong>:<br \/>\n&#8211; S\u1eaft s\u01a1n t\u0129nh \u0111i\u1ec7n<br \/>\n&#8211; V\u1ea3i: Polyester<\/li>\n<li><span style=\"color: #282828;\"><strong>K\u00edch th\u01b0\u1edbc khi m\u1edf<\/strong><\/span>: (L)430 x (W)370 x (H)700 (mm);<\/li>\n<li><span style=\"color: #282828;\"><strong>Ch\u1ecbu t\u1ea3i<\/strong><\/span>: 110kg<\/li>\n<li><span style=\"color: #282828;\"><strong>C\u00f4ng ngh\u1ec7<\/strong><\/span>: u\u1ed1n t\u1ea1o ph\u00f4i t\u1ef1 \u0111\u1ed9ng, h\u00e0n t\u1ef1 \u0111\u1ed9ng,\u2026.<\/li>\n<li><span style=\"color: #282828;\"><strong>\u0110\u00f3ng g\u00f3i<\/strong><\/span>: Th\u00f9ng carton in logo k\u1ef9 thu\u1eadt s\u1ed1<\/li>\n<li><span style=\"color: #282828;\"><strong>Th\u1eddi gian giao h\u00e0ng<\/strong><\/span>: 30 ng\u00e0y<\/li>\n<li><span style=\"color: #282828;\"><strong>B\u00e1o gi\u00e1<\/strong><\/span><br \/>\n&#8211; FOB<br \/>\n&#8211; EXW<\/li>\n<\/ul>\n","protected":false},"featured_media":889,"comment_status":"open","ping_status":"closed","template":"","meta":[],"product_brand":[],"product_cat":[22],"product_tag":[],"class_list":{"0":"post-888","1":"product","2":"type-product","3":"status-publish","4":"has-post-thumbnail","6":"product_cat-san-pham-da-ngoai","7":"entry","8":"clearfix","9":"hocwp-post","10":"author-admin","11":"has-excerpt","13":"first","14":"instock","15":"shipping-taxable","16":"purchasable","17":"product-type-simple"},"aioseo_notices":[],"_links":{"self":[{"href":"https:\/\/76plastic.com.vn\/vi\/wp-json\/wp\/v2\/product\/888","targetHints":{"allow":["GET"]}}],"collection":[{"href":"https:\/\/76plastic.com.vn\/vi\/wp-json\/wp\/v2\/product"}],"about":[{"href":"https:\/\/76plastic.com.vn\/vi\/wp-json\/wp\/v2\/types\/product"}],"replies":[{"embeddable":true,"href":"https:\/\/76plastic.com.vn\/vi\/wp-json\/wp\/v2\/comments?post=888"}],"wp:featuredmedia":[{"embeddable":true,"href":"https:\/\/76plastic.com.vn\/vi\/wp-json\/wp\/v2\/media\/889"}],"wp:attachment":[{"href":"https:\/\/76plastic.com.vn\/vi\/wp-json\/wp\/v2\/media?parent=888"}],"wp:term":[{"taxonomy":"product_brand","embeddable":true,"href":"https:\/\/76plastic.com.vn\/vi\/wp-json\/wp\/v2\/product_brand?post=888"},{"taxonomy":"product_cat","embeddable":true,"href":"https:\/\/76plastic.com.vn\/vi\/wp-json\/wp\/v2\/product_cat?post=888"},{"taxonomy":"product_tag","embeddable":true,"href":"https:\/\/76plastic.com.vn\/vi\/wp-json\/wp\/v2\/product_tag?post=888"}],"curies":[{"name":"wp","href":"https:\/\/api.w.org\/{rel}","templated":true}]}}