{"id":908,"date":"2023-10-25T01:11:52","date_gmt":"2023-10-24T18:11:52","guid":{"rendered":"http:\/\/76plastic.com.vn\/vi\/?post_type=product&#038;p=908"},"modified":"2023-12-08T23:56:31","modified_gmt":"2023-12-08T16:56:31","slug":"thanh-dam-1","status":"publish","type":"product","link":"https:\/\/76plastic.com.vn\/vi\/san-pham\/thanh-dam-1\/","title":{"rendered":"Thanh d\u1ea7m"},"content":{"rendered":"","protected":false},"excerpt":{"rendered":"<p><strong>M\u00f4 t\u1ea3 s\u1ea3n ph\u1ea9m<\/strong><\/p>\n<p><strong>Ch\u1ea5t li\u1ec7u:<\/strong><\/p>\n<ul>\n<li>Nh\u1ef1a composite gia c\u01b0\u1eddng s\u1ee3i th\u1ee7y tinh<\/li>\n<\/ul>\n<p><strong>T\u00cdnh n\u0103ng:<\/strong><\/p>\n<ul>\n<li>Tr\u1ecdng l\u01b0\u1ee3ng nh\u1eb9, \u0111\u1ed9 b\u1ec1n cao<\/li>\n<li>Kh\u00e1ng l\u1eeda, n\u01b0\u1edbc, h\u00f3a ch\u1ea5t<\/li>\n<li>\u0110\u1ed9 b\u1ec1n c\u01a1 t\u00ednh cao<\/li>\n<li>K\u00edch th\u01b0\u1edbc theo nhu c\u1ea7u c\u1ee7a kh\u00e1ch h\u00e0ng<\/li>\n<\/ul>\n<p><strong>C\u00f4ng ngh\u1ec7 s\u1ea3n xu\u1ea5t:<\/strong> K\u00e9o \u0111\u00f9n (<span style=\"color: #ed1c24;\"><strong>pultrusion technology<\/strong><\/span>)<\/p>\n<p><strong>Bao g\u00f3i:<\/strong> th\u00f9ng carton<\/p>\n<p><strong>Th\u1eddi gian giao h\u00e0ng:<\/strong> 30 ng\u00e0y<\/p>\n<p><strong>B\u00e1o gi\u00e1:<\/strong><\/p>\n<ul>\n<li>FOB<\/li>\n<li>EXW<\/li>\n<\/ul>\n","protected":false},"featured_media":909,"comment_status":"open","ping_status":"closed","template":"","meta":[],"product_brand":[],"product_cat":[21,155],"product_tag":[],"class_list":{"0":"post-908","1":"product","2":"type-product","3":"status-publish","4":"has-post-thumbnail","6":"product_cat-vat-lieu-tong-hop","7":"product_cat-thanh-dam","8":"entry","9":"clearfix","10":"hocwp-post","11":"author-admin","12":"has-excerpt","14":"first","15":"instock","16":"shipping-taxable","17":"purchasable","18":"product-type-simple"},"aioseo_notices":[],"_links":{"self":[{"href":"https:\/\/76plastic.com.vn\/vi\/wp-json\/wp\/v2\/product\/908","targetHints":{"allow":["GET"]}}],"collection":[{"href":"https:\/\/76plastic.com.vn\/vi\/wp-json\/wp\/v2\/product"}],"about":[{"href":"https:\/\/76plastic.com.vn\/vi\/wp-json\/wp\/v2\/types\/product"}],"replies":[{"embeddable":true,"href":"https:\/\/76plastic.com.vn\/vi\/wp-json\/wp\/v2\/comments?post=908"}],"wp:featuredmedia":[{"embeddable":true,"href":"https:\/\/76plastic.com.vn\/vi\/wp-json\/wp\/v2\/media\/909"}],"wp:attachment":[{"href":"https:\/\/76plastic.com.vn\/vi\/wp-json\/wp\/v2\/media?parent=908"}],"wp:term":[{"taxonomy":"product_brand","embeddable":true,"href":"https:\/\/76plastic.com.vn\/vi\/wp-json\/wp\/v2\/product_brand?post=908"},{"taxonomy":"product_cat","embeddable":true,"href":"https:\/\/76plastic.com.vn\/vi\/wp-json\/wp\/v2\/product_cat?post=908"},{"taxonomy":"product_tag","embeddable":true,"href":"https:\/\/76plastic.com.vn\/vi\/wp-json\/wp\/v2\/product_tag?post=908"}],"curies":[{"name":"wp","href":"https:\/\/api.w.org\/{rel}","templated":true}]}}