{"id":968,"date":"2023-10-25T01:06:30","date_gmt":"2023-10-24T18:06:30","guid":{"rendered":"http:\/\/76plastic.com.vn\/vi\/?post_type=product&#038;p=968"},"modified":"2024-07-08T23:02:50","modified_gmt":"2024-07-08T16:02:50","slug":"tam-xop-eps","status":"publish","type":"product","link":"https:\/\/76plastic.com.vn\/vi\/san-pham\/tam-xop-eps\/","title":{"rendered":"T\u1ea5m X\u1ed1p EPS"},"content":{"rendered":"<h2>Gi\u1ea3i th\u00edch Chi Ti\u1ebft &amp; \u1ee8ng D\u1ee5ng Hi\u1ec7u Qu\u1ea3<\/h2>\n<h3><b>T\u1ea5m X\u1ed1p EPS l\u00e0 g\u00ec?<\/b><\/h3>\n<p><b>EPS<\/b><span style=\"font-weight: 400;\"> l\u00e0 vi\u1ebft t\u1eaft c\u1ee7a <\/span><b>Expanded Polystyrene<\/b><span style=\"font-weight: 400;\"> &#8211; m\u1ed9t v\u1eadt li\u1ec7u <\/span><b>x\u1ed1p nh\u1eb9<\/b><span style=\"font-weight: 400;\"> \u0111\u01b0\u1ee3c s\u1ea3n xu\u1ea5t t\u1eeb polystyrene m\u1edf r\u1ed9ng b\u1eb1ng h\u01a1i n\u01b0\u1edbc v\u00e0 h\u00f3a ch\u1ea5t. \u0110\u00e2y l\u00e0 v\u1eadt li\u1ec7u <\/span><b>c\u00e1ch \u00e2m, c\u00e1ch nhi\u1ec7t<\/b><span style=\"font-weight: 400;\"> hi\u1ec7u qu\u1ea3, \u0111\u01b0\u1ee3c \u1ee9ng d\u1ee5ng r\u1ed9ng r\u00e3i trong x\u00e2y d\u1ef1ng v\u00e0 c\u00e1c ng\u00e0nh c\u00f4ng nghi\u1ec7p kh\u00e1c.<\/span><\/p>\n<h3><b>C\u1ea5u t\u1ea1o v\u00e0 \u0111\u1eb7c t\u00ednh c\u1ee7a T\u1ea5m X\u1ed1p EPS<\/b><\/h3>\n<p><b>T\u1ea5m X\u1ed1p EPS<\/b><span style=\"font-weight: 400;\"> c\u00f3 c\u1ea5u tr\u00fac d\u1ea1ng h\u1ea1t nh\u1eb9, v\u1edbi kh\u1ea3 n\u0103ng <\/span><b>c\u00e1ch nhi\u1ec7t<\/b><span style=\"font-weight: 400;\"> v\u00e0 <\/span><b>c\u00e1ch \u00e2m<\/b><span style=\"font-weight: 400;\"> t\u1ed1t. V\u1eadt li\u1ec7u n\u00e0y c\u00f3 <\/span><b>tr\u1ecdng l\u01b0\u1ee3ng nh\u1eb9<\/b><span style=\"font-weight: 400;\">, d\u1ec5 d\u00e0ng v\u1eadn chuy\u1ec3n v\u00e0 thi c\u00f4ng so v\u1edbi c\u00e1c v\u1eadt li\u1ec7u c\u00e1ch nhi\u1ec7t kh\u00e1c nh\u01b0 <\/span><b>b\u00f4ng kho\u00e1ng<\/b><span style=\"font-weight: 400;\"> hay <\/span><b>x\u1ed1p XPS<\/b><span style=\"font-weight: 400;\">.<\/span><\/p>\n<figure id=\"attachment_1773\" aria-describedby=\"caption-attachment-1773\" style=\"width: 1921px\" class=\"wp-caption aligncenter\"><img loading=\"lazy\" decoding=\"async\" class=\"wp-image-1773 size-full\" src=\"https:\/\/76plastic.com.vn\/vi\/wp-content\/uploads\/2024\/07\/banner-xop-tv-11.webp\" alt=\"\" width=\"1921\" height=\"767\" \/><figcaption id=\"caption-attachment-1773\" class=\"wp-caption-text\">T\u1ea5m x\u1ed1p 2cm, 3cm, 5cm, 10cm, 20cm, 50cm<\/figcaption><\/figure>\n<h3><b>\u01afu \u0111i\u1ec3m v\u01b0\u1ee3t tr\u1ed9i c\u1ee7a T\u1ea5m X\u1ed1p EPS<\/b><\/h3>\n<ul>\n<li style=\"font-weight: 400;\" aria-level=\"1\"><b>C\u00e1ch nhi\u1ec7t, c\u00e1ch \u00e2m hi\u1ec7u qu\u1ea3:<\/b><span style=\"font-weight: 400;\"> T\u1ea5m X\u1ed1p EPS gi\u00fap gi\u1ea3m thi\u1ec3u s\u1ef1 l\u00e3ng ph\u00ed n\u0103ng l\u01b0\u1ee3ng do \u0111\u00f3 ti\u1ebft ki\u1ec7m chi ph\u00ed s\u1eed d\u1ee5ng \u0111i\u1ec7n.<\/span><\/li>\n<li style=\"font-weight: 400;\" aria-level=\"1\"><b>Tr\u1ecdng l\u01b0\u1ee3ng nh\u1eb9, d\u1ec5 d\u00e0ng v\u1eadn chuy\u1ec3n v\u00e0 thi c\u00f4ng:<\/b><span style=\"font-weight: 400;\"> Gi\u00fap ti\u1ebft ki\u1ec7m chi ph\u00ed v\u00e0 gi\u1ea3m thi\u1ec3u th\u1eddi gian thi c\u00f4ng.<\/span><\/li>\n<li style=\"font-weight: 400;\" aria-level=\"1\"><b>Ch\u1ed1ng th\u1ea5m n\u01b0\u1edbc, ch\u1ed1ng \u1ea9m t\u1ed1t:<\/b><span style=\"font-weight: 400;\"> Gi\u00fap b\u1ea3o v\u1ec7 c\u00f4ng tr\u00ecnh kh\u1ecfi s\u1ef1 \u1ea3nh h\u01b0\u1edfng c\u1ee7a th\u1eddi ti\u1ebft m\u01b0a v\u00e0 \u0111\u1ed9 \u1ea9m.<\/span><\/li>\n<li style=\"font-weight: 400;\" aria-level=\"1\"><b>Kh\u00f4ng \u0111\u1ed9c h\u1ea1i, th\u00e2n thi\u1ec7n v\u1edbi m\u00f4i tr\u01b0\u1eddng:<\/b><span style=\"font-weight: 400;\"> T\u1ea5m X\u1ed1p EPS \u0111\u01b0\u1ee3c s\u1ea3n xu\u1ea5t t\u1eeb ch\u1ea5t li\u1ec7u th\u00e2n thi\u1ec7n v\u1edbi m\u00f4i tr\u01b0\u1eddng v\u00e0 kh\u00f4ng g\u00e2y h\u1ea1i cho s\u1ee9c kh\u1ecfe con ng\u01b0\u1eddi.<\/span><\/li>\n<li style=\"font-weight: 400;\" aria-level=\"1\"><b>Gi\u00e1 th\u00e0nh h\u1ee3p l\u00fd, ti\u1ebft ki\u1ec7m chi ph\u00ed:<\/b><span style=\"font-weight: 400;\"> L\u1ef1a ch\u1ecdn t\u1ed1t cho c\u00e1c d\u1ef1 \u00e1n c\u00f3 ng\u00e2n s\u00e1ch h\u1ea1n ch\u1ebf.<\/span><\/li>\n<li style=\"font-weight: 400;\" aria-level=\"1\"><b>Tu\u1ed5i th\u1ecd cao, b\u1ec1n b\u1ec9 theo th\u1eddi gian:<\/b><span style=\"font-weight: 400;\"> Gi\u1ea3m thi\u1ec3u chi ph\u00ed b\u1ea3o tr\u00ec v\u00e0 thay th\u1ebf sau khi s\u1eed d\u1ee5ng trong th\u1eddi gian d\u00e0i.<\/span><\/li>\n<\/ul>\n<h3><b>\u1ee8ng d\u1ee5ng \u0111a d\u1ea1ng c\u1ee7a T\u1ea5m X\u1ed1p EPS<\/b><\/h3>\n<p><span style=\"font-weight: 400;\">T\u1ea5m X\u1ed1p EPS \u0111\u01b0\u1ee3c s\u1eed d\u1ee5ng r\u1ed9ng r\u00e3i trong c\u00e1c l\u0129nh v\u1ef1c sau:<\/span><\/p>\n<ul>\n<li style=\"font-weight: 400;\" aria-level=\"1\"><b>X\u00e2y d\u1ef1ng:<\/b><span style=\"font-weight: 400;\"> C\u00e1ch nhi\u1ec7t cho m\u00e1i nh\u00e0, v\u00e1ch ng\u0103n, tr\u1ea7n nh\u00e0.<\/span><\/li>\n<li style=\"font-weight: 400;\" aria-level=\"1\"><b>C\u00f4ng nghi\u1ec7p:<\/b><span style=\"font-weight: 400;\"> B\u1ea3o qu\u1ea3n th\u1ef1c ph\u1ea9m, kho l\u1ea1nh, c\u00e1ch \u00e2m cho m\u00e1y m\u00f3c.<\/span><\/li>\n<li style=\"font-weight: 400;\" aria-level=\"1\"><b>\u0110\u00f3ng g\u00f3i:<\/b><span style=\"font-weight: 400;\"> Ch\u00e8n l\u00f3t h\u00e0ng h\u00f3a, th\u00f9ng x\u1ed1p.<\/span><\/li>\n<li style=\"font-weight: 400;\" aria-level=\"1\"><b>Trang tr\u00ed n\u1ed9i th\u1ea5t:<\/b><span style=\"font-weight: 400;\"> T\u1ea1o h\u00ecnh, ph\u00e0o ch\u1ec9.<\/span><\/li>\n<li style=\"font-weight: 400;\" aria-level=\"1\"><b>N\u00f4ng nghi\u1ec7p:<\/b><span style=\"font-weight: 400;\"> Gi\u1eef \u1ea9m cho \u0111\u1ea5t, tr\u1ed3ng rau th\u1ee7y canh.<\/span><\/li>\n<\/ul>\n<h3><b>Ph\u00e2n lo\u1ea1i T\u1ea5m X\u1ed1p EPS.<\/b><\/h3>\n<p><span style=\"font-weight: 400;\">T\u1ea5m X\u1ed1p EPS \u0111\u01b0\u1ee3c ph\u00e2n lo\u1ea1i d\u1ef1a tr\u00ean:<\/span><\/p>\n<ul>\n<li style=\"font-weight: 400;\" aria-level=\"1\"><b>\u0110\u1ed9 d\u00e0y:<\/b><span style=\"font-weight: 400;\"> 2cm, 3cm, 5cm, 10cm, 20cm, 50cm.<\/span><\/li>\n<li style=\"font-weight: 400;\" aria-level=\"1\"><b>H\u00ecnh d\u1ea1ng:<\/b><span style=\"font-weight: 400;\"> T\u1ea5m ph\u1eb3ng, d\u1ea1ng vi\u00ean, c\u1eaft theo y\u00eau c\u1ea7u.<\/span><\/li>\n<li style=\"font-weight: 400;\" aria-level=\"1\"><b>T\u1ef7 tr\u1ecdng:<\/b><span style=\"font-weight: 400;\"> EPS 80, EPS 100, EPS 120.<\/span><\/li>\n<\/ul>\n<h3><b>H\u01b0\u1edbng d\u1eabn l\u1ef1a ch\u1ecdn T\u1ea5m X\u1ed1p EPS ph\u00f9 h\u1ee3p<\/b><\/h3>\n<p><span style=\"font-weight: 400;\">\u0110\u1ec3 l\u1ef1a ch\u1ecdn T\u1ea5m X\u1ed1p EPS ph\u00f9 h\u1ee3p, b\u1ea1n c\u1ea7n x\u00e1c \u0111\u1ecbnh m\u1ee5c \u0111\u00edch s\u1eed d\u1ee5ng (c\u00e1ch nhi\u1ec7t, c\u00e1ch \u00e2m,&#8230;), ch\u1ecdn \u0111\u00fang \u0111\u1ed9 d\u00e0y v\u00e0 k\u00edch th\u01b0\u1edbc, c\u0169ng nh\u01b0 l\u1ef1a ch\u1ecdn t\u1ef7 tr\u1ecdng ph\u00f9 h\u1ee3p v\u1edbi \u0111i\u1ec1u ki\u1ec7n m\u00f4i tr\u01b0\u1eddng v\u00e0 ch\u1ecdn th\u01b0\u01a1ng hi\u1ec7u uy t\u00edn nh\u01b0 <\/span><a href=\"https:\/\/76plastic.com.vn\/\"><b>C\u00f4ng ty C\u1ed5 ph\u1ea7n Nh\u1ef1a x\u1ed1p 76<\/b><\/a><span style=\"font-weight: 400;\">. \u0110\u1ed9i ng\u0169 c\u1ee7a ch\u00fang t\u00f4i s\u1eb5n s\u00e0ng h\u1ed7 tr\u1ee3 b\u1ea1n t\u00ecm s\u1ea3n ph\u1ea9m ph\u00f9 h\u1ee3p.<\/span><\/p>\n<p><span style=\"font-weight: 400;\">T\u1ea1i chuy\u00ean m\u1ee5c tr\u00ean website c\u1ee7a ch\u00fang t\u00f4i c\u00f3 \u0111\u1ea7y \u0111\u1ee7 s\u1ea3n ph\u1ea9m v\u1ec1 <a href=\"https:\/\/76plastic.com.vn\/vi\/danh-muc\/xop\/\"><strong>X\u1ed1p EPS<\/strong><\/a> bao g\u1ed3m nh\u1eefng s\u1ea3n ph\u1ea9m th\u1ebf m\u1ea1nh c\u1ee7a <b>Nh\u1ef1a x\u1ed1p 76<\/b> nh\u01b0:<\/span><\/p>\n<ul>\n<li><strong><a href=\"https:\/\/76plastic.com.vn\/vi\/danh-muc\/xop\/xop-mu-bao-hiem\/\">X\u1ed1p m\u0169 b\u1ea3o hi\u1ec3m<\/a>: <\/strong>D\u00e0nh cho c\u00e1c lo\u1ea1i <a href=\"https:\/\/76plastic.com.vn\/vi\/san-pham\/mu-main\/\"><strong>m\u0169 b\u1ea3o hi\u1ec3m<\/strong><\/a><\/li>\n<li><strong><a href=\"https:\/\/76plastic.com.vn\/vi\/danh-muc\/xop\/xop-dinh-hinh\/\">X\u1ed1p \u0111\u1ecbnh h\u00ecnh<\/a>: <\/strong>D\u00f9ng cho c\u00e1c \u0111\u1eddi m\u00e1y in, t\u1ee7 l\u1ea1nh<\/li>\n<li><strong><a href=\"https:\/\/76plastic.com.vn\/vi\/danh-muc\/xop\/san-pham-xop-cat\/\">T\u1ea5m x\u1ed1p c\u1eaft<\/a>:<\/strong> T\u1ea5m x\u1ed1p 2cm, T\u1ea5m x\u1ed1p 3cm, T\u1ea5m x\u1ed1p 5cm, T\u1ea5m x\u1ed1p 10cm, T\u1ea5m x\u1ed1p20cm, T\u1ea5m x\u1ed1p 50cm,,<\/li>\n<\/ul>\n<h3><b>Mua T\u1ea5m X\u1ed1p EPS \u1edf \u0111\u00e2u ch\u1ea5t l\u01b0\u1ee3ng?<\/b><\/h3>\n<p><span style=\"font-weight: 400;\">M\u1ed9t s\u1ed1 nh\u00e0 cung c\u1ea5p T\u1ea5m X\u1ed1p EPS uy t\u00edn tr\u00ean th\u1ecb tr\u01b0\u1eddng <strong>C\u00f4ng ty C\u1ed5 ph\u1ea7n Nh\u1ef1a x\u1ed1p 76:<\/strong> Website: <a href=\"https:\/\/76plastic.com.vn\/vi\/trang-chu\/\" target=\"_blank\" rel=\"noopener noreferrer\">https:\/\/76plastic.com.vn\/vi\/trang-chu\/<\/a><\/span><span style=\"font-weight: 400;\">. Truy c\u1eadp ngay v\u00e0o b\u00e0i vi\u1ebft b\u00e1o gi\u00e1 <\/span><b>T\u1ea5m X\u1ed1p EPS <\/b><span style=\"font-weight: 400;\">m\u1edbi nh\u1ea5t c\u1ee7a ch\u00fang t\u00f4i \u0111\u1ec3 c\u1eadp nh\u1eadt th\u00f4ng tin v\u1ec1 <strong>File <a href=\"https:\/\/76plastic.com.vn\/vi\/bao-gia-tam-xop-cach-nhiet-dang-eps-2024-z76-bo-quoc-phong\/\">b\u00e1o gi\u00e1 T\u1ea5m X\u1ed1p EPS<\/a><\/strong><\/span><\/p>\n<p><b>K\u1ebft lu\u1eadn<\/b><\/p>\n<p><span style=\"font-weight: 400;\">T\u1ea5m X\u1ed1p EPS l\u00e0 l\u1ef1a ch\u1ecdn l\u00fd t\u01b0\u1edfng cho c\u00e1c d\u1ef1 \u00e1n c\u1ea7n v\u1eadt li\u1ec7u c\u00e1ch \u00e2m, c\u00e1ch nhi\u1ec7t hi\u1ec7u qu\u1ea3, nh\u1eb9 v\u00e0 ti\u1ebft ki\u1ec7m chi ph\u00ed. H\u00e3y li\u00ean h\u1ec7 v\u1edbi ch\u00fang t\u00f4i \u0111\u1ec3 bi\u1ebft th\u00eam chi ti\u1ebft v\u00e0 t\u01b0 v\u1ea5n s\u1ea3n ph\u1ea9m ph\u00f9 h\u1ee3p v\u1edbi nhu c\u1ea7u c\u1ee7a b\u1ea1n.<\/span><\/p>\n<p>&nbsp;<\/p>\n<figure id=\"attachment_1769\" aria-describedby=\"caption-attachment-1769\" style=\"width: 1921px\" class=\"wp-caption alignnone\"><img loading=\"lazy\" decoding=\"async\" class=\"wp-image-1769 size-full\" src=\"https:\/\/76plastic.com.vn\/vi\/wp-content\/uploads\/2024\/07\/nha_may_san_suat_tam_xop_eps.webp\" alt=\"Nh\u00e0 m\u00e1y s\u1ea3n xu\u1ea5t t\u1ea5m x\u1ed1p EPS\" width=\"1921\" height=\"767\" \/><figcaption id=\"caption-attachment-1769\" class=\"wp-caption-text\">nh\u00e0 m\u00e1y gia c\u00f4ng s\u1ea3n ph\u1ea9m t\u1ea5m x\u1ed1p<\/figcaption><\/figure>\n","protected":false},"excerpt":{"rendered":"<p><strong>M\u00f4 t\u1ea3 s\u1ea3n ph\u1ea9m<\/strong><\/p>\n<p><strong>V\u1eadt li\u1ec7u:<\/strong> EPS Foam\u00a0 ((Expandable Polystyrene foam)<\/p>\n<p><strong>T\u1ef7 tr\u1ecdng:<\/strong> t\u1eeb 16 &#8211; 80 g\/l<\/p>\n<p><strong>\u0110\u1eb7c t\u00ednh:<\/strong><\/p>\n<ul>\n<li>B\u1ea3o \u00f4n<\/li>\n<li>C\u00e1ch nhi\u1ec7t<\/li>\n<li>C\u00e1ch \u00e2m<\/li>\n<li>Ch\u1ed1ng s\u1ed1c trong m\u0169 b\u1ea3o hi\u1ec3m, h\u1ed9p ch\u1ee9a sp d\u1ec5 v\u1ee1,..<\/li>\n<\/ul>\n<p><strong>Bao g\u00f3i:<\/strong> t\u00fai nylon, th\u00f9ng carton<\/p>\n<p><strong>Th\u1eddi gian giao h\u00e0ng:<\/strong> 30 ng\u00e0y<\/p>\n<p><strong>B\u00e1o gi\u00e1:<\/strong><\/p>\n<ul>\n<li>Door to door<\/li>\n<li>EXW<\/li>\n<\/ul>\n","protected":false},"featured_media":964,"comment_status":"open","ping_status":"closed","template":"","meta":[],"product_brand":[],"product_cat":[181,20],"product_tag":[],"class_list":{"0":"post-968","1":"product","2":"type-product","3":"status-publish","4":"has-post-thumbnail","6":"product_cat-san-pham-xop-cat","7":"product_cat-xop","8":"entry","9":"clearfix","10":"hocwp-post","11":"author-admin","12":"has-excerpt","14":"first","15":"instock","16":"shipping-taxable","17":"purchasable","18":"product-type-simple"},"aioseo_notices":[],"_links":{"self":[{"href":"https:\/\/76plastic.com.vn\/vi\/wp-json\/wp\/v2\/product\/968","targetHints":{"allow":["GET"]}}],"collection":[{"href":"https:\/\/76plastic.com.vn\/vi\/wp-json\/wp\/v2\/product"}],"about":[{"href":"https:\/\/76plastic.com.vn\/vi\/wp-json\/wp\/v2\/types\/product"}],"replies":[{"embeddable":true,"href":"https:\/\/76plastic.com.vn\/vi\/wp-json\/wp\/v2\/comments?post=968"}],"wp:featuredmedia":[{"embeddable":true,"href":"https:\/\/76plastic.com.vn\/vi\/wp-json\/wp\/v2\/media\/964"}],"wp:attachment":[{"href":"https:\/\/76plastic.com.vn\/vi\/wp-json\/wp\/v2\/media?parent=968"}],"wp:term":[{"taxonomy":"product_brand","embeddable":true,"href":"https:\/\/76plastic.com.vn\/vi\/wp-json\/wp\/v2\/product_brand?post=968"},{"taxonomy":"product_cat","embeddable":true,"href":"https:\/\/76plastic.com.vn\/vi\/wp-json\/wp\/v2\/product_cat?post=968"},{"taxonomy":"product_tag","embeddable":true,"href":"https:\/\/76plastic.com.vn\/vi\/wp-json\/wp\/v2\/product_tag?post=968"}],"curies":[{"name":"wp","href":"https:\/\/api.w.org\/{rel}","templated":true}]}}